{"id":32212,"date":"2026-04-17T00:40:15","date_gmt":"2026-04-17T00:40:15","guid":{"rendered":"https:\/\/singuli.wpress.me\/index.php\/proizvod\/borotalco-invisible-fresh-deo-roll-on-50-ml\/"},"modified":"2026-04-20T12:33:07","modified_gmt":"2026-04-20T12:33:07","slug":"borotalco-invisible-fresh-deo-roll-on-50-ml","status":"publish","type":"product","link":"https:\/\/singuli.wpress.me\/index.php\/proizvod\/borotalco-invisible-fresh-deo-roll-on-50-ml\/","title":{"rendered":"BOROTALCO Invisible Fresh, deo roll-on, 50\u00a0ml"},"content":{"rendered":"<p>Borotalco deo roll-on Invisible Fresh pru\u017ea dugotrajnu i u\u010dinkovitu njegu protiv znojenja i neugodnih mirisa. U\u010dinkovita formula protiv neugodnih tragova na odje\u0107i poma\u017ee u sprje\u010davanju razvoja neugodnih mirisa. Borotalco deo roll-on Invisible Fresh va\u0161em \u0107e tijelu pru\u017eiti cjelodnevnu njegu i u\u010dinkovitu za\u0161titu od znojenja. \u017delite li predivan miris i suhu ko\u017eu tijekom dana, Borotalco je rje\u0161enje za vas.<\/p>\n","protected":false},"excerpt":{"rendered":"<p>U\u010dinkovita za\u0161tita protiv znojenja<br \/>\nFormula protiv neugodnih tragova na odje\u0107i<br \/>\n0 % alkohola<\/p>\n","protected":false},"featured_media":32213,"template":"","meta":{"_seopress_robots_primary_cat":"","_seopress_titles_title":"","_seopress_titles_desc":"","_seopress_robots_index":"","iawp_total_views":0},"product_brand":[484],"product_cat":[285,268],"product_tag":[],"class_list":{"0":"post-32212","1":"product","2":"type-product","3":"status-publish","4":"has-post-thumbnail","6":"product_brand-borotalco","7":"product_cat-dezodoransi-268","8":"product_cat-kozmetika-2","10":"first","11":"instock","12":"shipping-taxable","13":"purchasable","14":"product-type-simple"},"_links":{"self":[{"href":"https:\/\/singuli.wpress.me\/index.php\/wp-json\/wp\/v2\/product\/32212","targetHints":{"allow":["GET"]}}],"collection":[{"href":"https:\/\/singuli.wpress.me\/index.php\/wp-json\/wp\/v2\/product"}],"about":[{"href":"https:\/\/singuli.wpress.me\/index.php\/wp-json\/wp\/v2\/types\/product"}],"version-history":[{"count":0,"href":"https:\/\/singuli.wpress.me\/index.php\/wp-json\/wp\/v2\/product\/32212\/revisions"}],"wp:featuredmedia":[{"embeddable":true,"href":"https:\/\/singuli.wpress.me\/index.php\/wp-json\/wp\/v2\/media\/32213"}],"wp:attachment":[{"href":"https:\/\/singuli.wpress.me\/index.php\/wp-json\/wp\/v2\/media?parent=32212"}],"wp:term":[{"taxonomy":"product_brand","embeddable":true,"href":"https:\/\/singuli.wpress.me\/index.php\/wp-json\/wp\/v2\/product_brand?post=32212"},{"taxonomy":"product_cat","embeddable":true,"href":"https:\/\/singuli.wpress.me\/index.php\/wp-json\/wp\/v2\/product_cat?post=32212"},{"taxonomy":"product_tag","embeddable":true,"href":"https:\/\/singuli.wpress.me\/index.php\/wp-json\/wp\/v2\/product_tag?post=32212"}],"curies":[{"name":"wp","href":"https:\/\/api.w.org\/{rel}","templated":true}]}}