{"id":32231,"date":"2026-04-17T00:40:20","date_gmt":"2026-04-17T00:40:20","guid":{"rendered":"https:\/\/singuli.wpress.me\/index.php\/proizvod\/always-daily-fresh-normal-dnevni-ulosci-80-kom\/"},"modified":"2026-04-20T12:33:07","modified_gmt":"2026-04-20T12:33:07","slug":"always-daily-fresh-normal-dnevni-ulosci-80-kom","status":"publish","type":"product","link":"https:\/\/singuli.wpress.me\/index.php\/proizvod\/always-daily-fresh-normal-dnevni-ulosci-80-kom\/","title":{"rendered":"ALWAYS Daily Fresh Normal, dnevni ulo\u0161ci, 80\u00a0kom"},"content":{"rendered":"<p>Ostanite svje\u017ei poput tratin\u010dice cijeli dan s dnevnim ulo\u0161cima Always Daily Fresh Normal. Njihov udoban oblik pru\u017ea sjajnu kombinaciju udobnosti i za\u0161tite tako da se mo\u017eete osloniti na njih svakoga dana i pritom ne brinuti o tome ho\u0107ete li ih osje\u0107ati dok ih nosite. Idealni su za vaginalni iscjedak, kao dodatna za\u0161tita kod neredovite i slabije mjese\u010dnice ili za bilo kakva slabija curenja. Ovi dnevni ulo\u0161ci dolaze s 0% dodanih mirisa i bojila.<\/p>\n","protected":false},"excerpt":{"rendered":"<p>Udoban oblik pru\u017ea sjajnu kombinaciju udobnosti i za\u0161tite<br \/>\nPouzdano stoje na svom mjestu<br \/>\nProzra\u010dan dizajn poma\u017ee izbje\u0107i osje\u0107aj vru\u0107ine i znojenja<\/p>\n","protected":false},"featured_media":32232,"template":"","meta":{"_seopress_robots_primary_cat":"","_seopress_titles_title":"","_seopress_titles_desc":"","_seopress_robots_index":"","iawp_total_views":0},"product_brand":[449],"product_cat":[211,288],"product_tag":[],"class_list":{"0":"post-32231","1":"product","2":"type-product","3":"status-publish","4":"has-post-thumbnail","6":"product_brand-always","7":"product_cat-njega-majke-i-djeteta","8":"product_cat-zenska-higijena-211","10":"first","11":"instock","12":"shipping-taxable","13":"purchasable","14":"product-type-simple"},"_links":{"self":[{"href":"https:\/\/singuli.wpress.me\/index.php\/wp-json\/wp\/v2\/product\/32231","targetHints":{"allow":["GET"]}}],"collection":[{"href":"https:\/\/singuli.wpress.me\/index.php\/wp-json\/wp\/v2\/product"}],"about":[{"href":"https:\/\/singuli.wpress.me\/index.php\/wp-json\/wp\/v2\/types\/product"}],"version-history":[{"count":0,"href":"https:\/\/singuli.wpress.me\/index.php\/wp-json\/wp\/v2\/product\/32231\/revisions"}],"wp:featuredmedia":[{"embeddable":true,"href":"https:\/\/singuli.wpress.me\/index.php\/wp-json\/wp\/v2\/media\/32232"}],"wp:attachment":[{"href":"https:\/\/singuli.wpress.me\/index.php\/wp-json\/wp\/v2\/media?parent=32231"}],"wp:term":[{"taxonomy":"product_brand","embeddable":true,"href":"https:\/\/singuli.wpress.me\/index.php\/wp-json\/wp\/v2\/product_brand?post=32231"},{"taxonomy":"product_cat","embeddable":true,"href":"https:\/\/singuli.wpress.me\/index.php\/wp-json\/wp\/v2\/product_cat?post=32231"},{"taxonomy":"product_tag","embeddable":true,"href":"https:\/\/singuli.wpress.me\/index.php\/wp-json\/wp\/v2\/product_tag?post=32231"}],"curies":[{"name":"wp","href":"https:\/\/api.w.org\/{rel}","templated":true}]}}