{"id":32233,"date":"2026-04-17T00:40:20","date_gmt":"2026-04-17T00:40:20","guid":{"rendered":"https:\/\/singuli.wpress.me\/index.php\/proizvod\/barbie-pop-reveal-lutka-igracka\/"},"modified":"2026-04-21T00:26:37","modified_gmt":"2026-04-21T00:26:37","slug":"barbie-pop-reveal-lutka-igracka","status":"publish","type":"product","link":"https:\/\/singuli.wpress.me\/index.php\/proizvod\/barbie-pop-reveal-lutka-igracka\/","title":{"rendered":"BARBIE Pop Reveal lutka, igra\u010dka"},"content":{"rendered":"<p>Pripremi se za ultimativno otpakiranje iznena\u0111enja uz **Barbie Pop Reveal**! Pakiranje je dizajnirano kao **atraktivna \u010da\u0161a za pi\u0107e** u kojoj se krije mirisna Barbie lutka i njeni dodaci.<\/p>\n<p>Otkrij **Barbiku s mirisom bubble tea od zelenog \u010daja** i upusti se u zabavu s **osjetilnim do\u017eivljajem**! Set uklju\u010duje dodatne igra\u010dke poput **mekane slime pjene** i **kockica leda**.<\/p>\n<p>Svaka Pop Reveal Barbie dolazi s ukupno **8 iznena\u0111enja**, uklju\u010duju\u0107i **2 aktivacije promjene boje** koje dodaju magiju igri. Lutke imaju trendi svijetlu kosu i **9 pokretnih zglobova**, \u0161to omogu\u0107uje dinami\u010dnije poziranje i igru.<\/p>\n","protected":false},"excerpt":{"rendered":"<p>Barbie miri\u0161e na green tea bubble tea, a set uklju\u010duje slime pjenu i kockice leda<br \/>\nUklju\u010duje 2 aktivacije promjene boje za dodatnu zabavu<br \/>\nPakiranje je u obliku \u010da\u0161e za pi\u0107e koje se mo\u017ee koristiti za igru i pohranu<\/p>\n","protected":false},"featured_media":32234,"template":"","meta":{"_seopress_robots_primary_cat":"","_seopress_titles_title":"","_seopress_titles_desc":"","_seopress_robots_index":"","iawp_total_views":0},"product_brand":[324],"product_cat":[221,291],"product_tag":[],"class_list":{"0":"post-32233","1":"product","2":"type-product","3":"status-publish","4":"has-post-thumbnail","6":"product_brand-barbie","7":"product_cat-igracke","8":"product_cat-igracke-za-djecu-221","10":"first","11":"outofstock","12":"shipping-taxable","13":"purchasable","14":"product-type-simple"},"_links":{"self":[{"href":"https:\/\/singuli.wpress.me\/index.php\/wp-json\/wp\/v2\/product\/32233","targetHints":{"allow":["GET"]}}],"collection":[{"href":"https:\/\/singuli.wpress.me\/index.php\/wp-json\/wp\/v2\/product"}],"about":[{"href":"https:\/\/singuli.wpress.me\/index.php\/wp-json\/wp\/v2\/types\/product"}],"version-history":[{"count":0,"href":"https:\/\/singuli.wpress.me\/index.php\/wp-json\/wp\/v2\/product\/32233\/revisions"}],"wp:featuredmedia":[{"embeddable":true,"href":"https:\/\/singuli.wpress.me\/index.php\/wp-json\/wp\/v2\/media\/32234"}],"wp:attachment":[{"href":"https:\/\/singuli.wpress.me\/index.php\/wp-json\/wp\/v2\/media?parent=32233"}],"wp:term":[{"taxonomy":"product_brand","embeddable":true,"href":"https:\/\/singuli.wpress.me\/index.php\/wp-json\/wp\/v2\/product_brand?post=32233"},{"taxonomy":"product_cat","embeddable":true,"href":"https:\/\/singuli.wpress.me\/index.php\/wp-json\/wp\/v2\/product_cat?post=32233"},{"taxonomy":"product_tag","embeddable":true,"href":"https:\/\/singuli.wpress.me\/index.php\/wp-json\/wp\/v2\/product_tag?post=32233"}],"curies":[{"name":"wp","href":"https:\/\/api.w.org\/{rel}","templated":true}]}}