{"id":32237,"date":"2026-04-17T00:40:22","date_gmt":"2026-04-17T00:40:22","guid":{"rendered":"https:\/\/singuli.wpress.me\/index.php\/proizvod\/barbie-color-reveal-lutka-morska-sirena\/"},"modified":"2026-04-20T12:33:07","modified_gmt":"2026-04-20T12:33:07","slug":"barbie-color-reveal-lutka-morska-sirena","status":"publish","type":"product","link":"https:\/\/singuli.wpress.me\/index.php\/proizvod\/barbie-color-reveal-lutka-morska-sirena\/","title":{"rendered":"BARBIE Color Reveal, lutka, morska sirena"},"content":{"rendered":"<p><span style=\"font-weight: bold\">Barbie Color Reveal lutke<\/span> donose iskustvo raspakiravanja puno iznena\u0111enja \u2013 \u010dak \u0161est njih! Djeca \u0107e otkriti jednu od \u010detiri jedinstvene lutke iz ove sirena serije \u2013 svaka ima dugu kosu s pramenom koji mijenja boju. Koju \u0107ete lutku otkriti? Uklonite vanjski sloj pakiranja, otvorite tubu i izvucite Barbie lutku \u010diji je izgled sirene prekriven Color Reveal premazom i iznena\u0111enjima u vre\u0107icama. Dodaci uklju\u010duju odvojivu peraju, ogrlicu s morskim privjeskom, traku za kosu i \u010de\u0161alj u obliku \u0161koljke. Tubu za pakiranje mo\u017eete koristiti za pohranu ovih i drugih dodataka. Djeca ih mogu sakupiti sve za zabavno kombiniranje i slaganje! Svaka se prodaje zasebno, ovisno o dostupnosti. Lutke ne mogu stajati samostalno. Boje i ukrasi mogu se razlikovati.<\/p>\n","protected":false},"excerpt":{"rendered":"<p>Efekti promjene boje<br \/>\nIgra\u010dka dolazi u vi\u0161e razli\u010ditih modela<br \/>\nDob: 3+ god<\/p>\n","protected":false},"featured_media":32238,"template":"","meta":{"_seopress_robots_primary_cat":"","_seopress_titles_title":"","_seopress_titles_desc":"","_seopress_robots_index":"","iawp_total_views":0},"product_brand":[324],"product_cat":[221,291],"product_tag":[],"class_list":{"0":"post-32237","1":"product","2":"type-product","3":"status-publish","4":"has-post-thumbnail","6":"product_brand-barbie","7":"product_cat-igracke","8":"product_cat-igracke-za-djecu-221","10":"first","11":"instock","12":"shipping-taxable","13":"purchasable","14":"product-type-simple"},"_links":{"self":[{"href":"https:\/\/singuli.wpress.me\/index.php\/wp-json\/wp\/v2\/product\/32237","targetHints":{"allow":["GET"]}}],"collection":[{"href":"https:\/\/singuli.wpress.me\/index.php\/wp-json\/wp\/v2\/product"}],"about":[{"href":"https:\/\/singuli.wpress.me\/index.php\/wp-json\/wp\/v2\/types\/product"}],"version-history":[{"count":0,"href":"https:\/\/singuli.wpress.me\/index.php\/wp-json\/wp\/v2\/product\/32237\/revisions"}],"wp:featuredmedia":[{"embeddable":true,"href":"https:\/\/singuli.wpress.me\/index.php\/wp-json\/wp\/v2\/media\/32238"}],"wp:attachment":[{"href":"https:\/\/singuli.wpress.me\/index.php\/wp-json\/wp\/v2\/media?parent=32237"}],"wp:term":[{"taxonomy":"product_brand","embeddable":true,"href":"https:\/\/singuli.wpress.me\/index.php\/wp-json\/wp\/v2\/product_brand?post=32237"},{"taxonomy":"product_cat","embeddable":true,"href":"https:\/\/singuli.wpress.me\/index.php\/wp-json\/wp\/v2\/product_cat?post=32237"},{"taxonomy":"product_tag","embeddable":true,"href":"https:\/\/singuli.wpress.me\/index.php\/wp-json\/wp\/v2\/product_tag?post=32237"}],"curies":[{"name":"wp","href":"https:\/\/api.w.org\/{rel}","templated":true}]}}