{"id":32261,"date":"2026-04-17T00:40:33","date_gmt":"2026-04-17T00:40:33","guid":{"rendered":"https:\/\/singuli.wpress.me\/index.php\/proizvod\/barbie-mini-svijet-lutkica-color-reveal\/"},"modified":"2026-04-20T12:33:08","modified_gmt":"2026-04-20T12:33:08","slug":"barbie-mini-svijet-lutkica-color-reveal","status":"publish","type":"product","link":"https:\/\/singuli.wpress.me\/index.php\/proizvod\/barbie-mini-svijet-lutkica-color-reveal\/","title":{"rendered":"BARBIE Mini Svijet, lutkica, Color Reveal"},"content":{"rendered":"<p><span style=\"font-weight: bold\">Mini BarbieLand<\/span> pun je prepoznatljivog stila i iznena\u0111enja, a ove mini lutke Barbie Color Reveal obe\u0107avaju gomilu zabave. Svaka lutka od 1,5 in\u010da ima jedinstveni izgled skriven zahvaljuju\u0107i inovaciji otkrivanja originalne boje. Izvadite nasumi\u010dno odabranu lutku iz tube za pakiranje, napunite tubu vodom i vrtite lutku u njoj. Voda mijenja boju i lutka se otkriva! Svaka mini lutka ima raznolik izgled, savija se u struku i stoji na podlozi u obliku srca koja se uklapa u komplete za igru \u200b\u200bMini BarbieLand (prodaju se zasebno).<\/p>\n","protected":false},"excerpt":{"rendered":"<p>Efekti promjene boje<br \/>\nSavr\u0161ene za Mini BarbieLand<br \/>\nDob: 4+ god<\/p>\n","protected":false},"featured_media":32262,"template":"","meta":{"_seopress_robots_primary_cat":"","_seopress_titles_title":"","_seopress_titles_desc":"","_seopress_robots_index":"","iawp_total_views":0},"product_brand":[324],"product_cat":[274,238],"product_tag":[],"class_list":{"0":"post-32261","1":"product","2":"type-product","3":"status-publish","4":"has-post-thumbnail","6":"product_brand-barbie","7":"product_cat-kucanski-pribor-238","8":"product_cat-sve-za-dom","10":"first","11":"instock","12":"shipping-taxable","13":"purchasable","14":"product-type-simple"},"_links":{"self":[{"href":"https:\/\/singuli.wpress.me\/index.php\/wp-json\/wp\/v2\/product\/32261","targetHints":{"allow":["GET"]}}],"collection":[{"href":"https:\/\/singuli.wpress.me\/index.php\/wp-json\/wp\/v2\/product"}],"about":[{"href":"https:\/\/singuli.wpress.me\/index.php\/wp-json\/wp\/v2\/types\/product"}],"version-history":[{"count":0,"href":"https:\/\/singuli.wpress.me\/index.php\/wp-json\/wp\/v2\/product\/32261\/revisions"}],"wp:featuredmedia":[{"embeddable":true,"href":"https:\/\/singuli.wpress.me\/index.php\/wp-json\/wp\/v2\/media\/32262"}],"wp:attachment":[{"href":"https:\/\/singuli.wpress.me\/index.php\/wp-json\/wp\/v2\/media?parent=32261"}],"wp:term":[{"taxonomy":"product_brand","embeddable":true,"href":"https:\/\/singuli.wpress.me\/index.php\/wp-json\/wp\/v2\/product_brand?post=32261"},{"taxonomy":"product_cat","embeddable":true,"href":"https:\/\/singuli.wpress.me\/index.php\/wp-json\/wp\/v2\/product_cat?post=32261"},{"taxonomy":"product_tag","embeddable":true,"href":"https:\/\/singuli.wpress.me\/index.php\/wp-json\/wp\/v2\/product_tag?post=32261"}],"curies":[{"name":"wp","href":"https:\/\/api.w.org\/{rel}","templated":true}]}}