{"id":32266,"date":"2026-04-17T00:40:34","date_gmt":"2026-04-17T00:40:34","guid":{"rendered":"https:\/\/singuli.wpress.me\/index.php\/proizvod\/always-platinum-secure-night-higijenski-ulosci-10-kom\/"},"modified":"2026-04-20T12:33:08","modified_gmt":"2026-04-20T12:33:08","slug":"always-platinum-secure-night-higijenski-ulosci-10-kom","status":"publish","type":"product","link":"https:\/\/singuli.wpress.me\/index.php\/proizvod\/always-platinum-secure-night-higijenski-ulosci-10-kom\/","title":{"rendered":"ALWAYS Platinum Secure Night, higijenski ulo\u0161ci, 10\u00a0kom"},"content":{"rendered":"<p>Higijenski ulo\u0161ci Always Platinum imaju sustav Zero Feel kako biste dan proveli bez brige. Zahvaljuju\u0107i svilenim krilcima, za\u0161titnim barijerama 3D LeakGuard, 1000 mekanih mikrojastu\u010di\u0107a, dizajnu Soft&amp;Fit i tehnologiji OdourLock ovi nevjerojatni higijenski ulo\u0161ci pru\u017eaju 5x ve\u0107u udobnost. Always Platinum Secure Night (veli\u010dina 4) s krilcima imaju 60%* du\u017ei stra\u017enji tako da nude vi\u0161e za\u0161tite tamo gdje vam je najpotrebnija. *u usporedbi s ulo\u0161cima Always Platinum Normal (veli\u010dina 1).<\/p>\n","protected":false},"excerpt":{"rendered":"<p>Peterostruka udobnost kako biste osje\u0107ali samo za\u0161titu<br \/>\n3D LeakGuard spre\u010dava propu\u0161tanje sa strane<br \/>\n1000 mikrojastu\u010di\u0107a za dodatnu udobnost i upijanje<\/p>\n","protected":false},"featured_media":32268,"template":"","meta":{"_seopress_robots_primary_cat":"","_seopress_titles_title":"","_seopress_titles_desc":"","_seopress_robots_index":"","iawp_total_views":0},"product_brand":[449],"product_cat":[211,288],"product_tag":[],"class_list":{"0":"post-32266","1":"product","2":"type-product","3":"status-publish","4":"has-post-thumbnail","6":"product_brand-always","7":"product_cat-njega-majke-i-djeteta","8":"product_cat-zenska-higijena-211","10":"first","11":"instock","12":"shipping-taxable","13":"purchasable","14":"product-type-simple"},"_links":{"self":[{"href":"https:\/\/singuli.wpress.me\/index.php\/wp-json\/wp\/v2\/product\/32266","targetHints":{"allow":["GET"]}}],"collection":[{"href":"https:\/\/singuli.wpress.me\/index.php\/wp-json\/wp\/v2\/product"}],"about":[{"href":"https:\/\/singuli.wpress.me\/index.php\/wp-json\/wp\/v2\/types\/product"}],"version-history":[{"count":0,"href":"https:\/\/singuli.wpress.me\/index.php\/wp-json\/wp\/v2\/product\/32266\/revisions"}],"wp:featuredmedia":[{"embeddable":true,"href":"https:\/\/singuli.wpress.me\/index.php\/wp-json\/wp\/v2\/media\/32268"}],"wp:attachment":[{"href":"https:\/\/singuli.wpress.me\/index.php\/wp-json\/wp\/v2\/media?parent=32266"}],"wp:term":[{"taxonomy":"product_brand","embeddable":true,"href":"https:\/\/singuli.wpress.me\/index.php\/wp-json\/wp\/v2\/product_brand?post=32266"},{"taxonomy":"product_cat","embeddable":true,"href":"https:\/\/singuli.wpress.me\/index.php\/wp-json\/wp\/v2\/product_cat?post=32266"},{"taxonomy":"product_tag","embeddable":true,"href":"https:\/\/singuli.wpress.me\/index.php\/wp-json\/wp\/v2\/product_tag?post=32266"}],"curies":[{"name":"wp","href":"https:\/\/api.w.org\/{rel}","templated":true}]}}