{"id":32272,"date":"2026-04-17T00:40:37","date_gmt":"2026-04-17T00:40:37","guid":{"rendered":"https:\/\/singuli.wpress.me\/index.php\/proizvod\/cimtech-10-ff-sinteticka-tekucina-20-l-2\/"},"modified":"2026-04-17T00:40:38","modified_gmt":"2026-04-17T00:40:38","slug":"cimtech-10-ff-sinteticka-tekucina-20-l-2","status":"publish","type":"product","link":"https:\/\/singuli.wpress.me\/index.php\/proizvod\/cimtech-10-ff-sinteticka-tekucina-20-l-2\/","title":{"rendered":"CIMTECH 10 FF, sinteti\u010dka teku\u0107ina, 20\u00a0l"},"content":{"rendered":"<p>Cimtech 10FF je visokokvalitetna sinteti\u010dka teku\u0107ina namijenjena za lak\u0161e bru\u0161enje i strojnu obradu \u017eeljeznih materijala. Njezina posebna formulacija ne sadr\u017ei formaldehid, \u0161to je \u010dini sigurnom za upotrebu. Zahvaljuju\u0107i jedinstvenom sastavu, osigurava dugi vijek trajanja teku\u0107ine te pokazuje izvrsne karakteristike taloga i svojstvo talo\u017eenja. Cimtech 10FF mo\u017ee se koristiti kako u pojedina\u010dnim strojevima, tako i u centralnim sustavima, a tako\u0111er je prikladan i za potopljeno ispitivanje te bru\u0161enje stakla.<\/p>\n","protected":false},"excerpt":{"rendered":"<p>Sigurna i ekolo\u0161ki prihvatljivija opcija za obradu \u017eeljeznih materijala<br \/>\nJedinstven sastav osigurava dugotrajnu u\u010dinkovitost i otpornost na talo\u017eenje<br \/>\nPogodna za bru\u0161enje i strojnu obradu, potopljeno ispitivanje te bru\u0161enje stakla<\/p>\n","protected":false},"featured_media":32274,"template":"","meta":{"_seopress_robots_primary_cat":"","_seopress_titles_title":"","_seopress_titles_desc":"","_seopress_robots_index":"","iawp_total_views":0},"product_brand":[511],"product_cat":[243,315],"product_tag":[],"class_list":{"0":"post-32272","1":"product","2":"type-product","3":"status-publish","4":"has-post-thumbnail","6":"product_brand-cimtech","7":"product_cat-automobili-i-motori","8":"product_cat-rashladne-tekucine-243","10":"first","11":"instock","12":"shipping-taxable","13":"purchasable","14":"product-type-simple"},"_links":{"self":[{"href":"https:\/\/singuli.wpress.me\/index.php\/wp-json\/wp\/v2\/product\/32272","targetHints":{"allow":["GET"]}}],"collection":[{"href":"https:\/\/singuli.wpress.me\/index.php\/wp-json\/wp\/v2\/product"}],"about":[{"href":"https:\/\/singuli.wpress.me\/index.php\/wp-json\/wp\/v2\/types\/product"}],"version-history":[{"count":0,"href":"https:\/\/singuli.wpress.me\/index.php\/wp-json\/wp\/v2\/product\/32272\/revisions"}],"wp:featuredmedia":[{"embeddable":true,"href":"https:\/\/singuli.wpress.me\/index.php\/wp-json\/wp\/v2\/media\/32274"}],"wp:attachment":[{"href":"https:\/\/singuli.wpress.me\/index.php\/wp-json\/wp\/v2\/media?parent=32272"}],"wp:term":[{"taxonomy":"product_brand","embeddable":true,"href":"https:\/\/singuli.wpress.me\/index.php\/wp-json\/wp\/v2\/product_brand?post=32272"},{"taxonomy":"product_cat","embeddable":true,"href":"https:\/\/singuli.wpress.me\/index.php\/wp-json\/wp\/v2\/product_cat?post=32272"},{"taxonomy":"product_tag","embeddable":true,"href":"https:\/\/singuli.wpress.me\/index.php\/wp-json\/wp\/v2\/product_tag?post=32272"}],"curies":[{"name":"wp","href":"https:\/\/api.w.org\/{rel}","templated":true}]}}