{"id":32275,"date":"2026-04-17T00:40:41","date_gmt":"2026-04-17T00:40:41","guid":{"rendered":"https:\/\/singuli.wpress.me\/index.php\/proizvod\/heroes-mini-set-plastelin-kolacici-2\/"},"modified":"2026-04-20T12:33:08","modified_gmt":"2026-04-20T12:33:08","slug":"heroes-mini-set-plastelin-kolacici-2","status":"publish","type":"product","link":"https:\/\/singuli.wpress.me\/index.php\/proizvod\/heroes-mini-set-plastelin-kolacici-2\/","title":{"rendered":"HEROES mini set, plastelin, kola\u010di\u0107i"},"content":{"rendered":"<p><span style=\"font-weight: bold;color: #4472C4\">HEROES: PLASTELIN MALI SET \u2013 KOLA\u010cI\u0106I \u2013 Tko je majstor za pripremu najljep\u0161ih kola\u010di\u0107a na svijetu? Pa svako dijete, koje ima plastelin set Kola\u010di\u0107i! <\/span><span style=\"color: #4472C4\"><\/p>\n<p>\nSet sadr\u017ei 7 dijelova, od \u010dega plastelin u 3 boje, kalupe i jo\u0161 puno toga! <\/p>\n<p>\nPlastelin je potpuno siguran i ne\u0161kodljiv za djecu i odli\u010dan je izbor svakog roditelja, koji \u017eeli da dijete razvija svoju kreativnost kroz igru. <\/p>\n<p>\n<\/span><span style=\"font-weight: bold;color: #4472C4\">Dob: 3+<\/span><\/p>\n","protected":false},"excerpt":{"rendered":"<p>Plastelin je potpuno siguran i ne\u0161kodljiv za djecu<br \/>\n3 razli\u010dite boje plastelina<br \/>\nDob: 3+ god<\/p>\n","protected":false},"featured_media":32276,"template":"","meta":{"_seopress_robots_primary_cat":"","_seopress_titles_title":"","_seopress_titles_desc":"","_seopress_robots_index":"","iawp_total_views":0},"product_brand":[342],"product_cat":[221,291],"product_tag":[],"class_list":{"0":"post-32275","1":"product","2":"type-product","3":"status-publish","4":"has-post-thumbnail","6":"product_brand-heroes","7":"product_cat-igracke","8":"product_cat-igracke-za-djecu-221","10":"first","11":"outofstock","12":"shipping-taxable","13":"purchasable","14":"product-type-simple"},"_links":{"self":[{"href":"https:\/\/singuli.wpress.me\/index.php\/wp-json\/wp\/v2\/product\/32275","targetHints":{"allow":["GET"]}}],"collection":[{"href":"https:\/\/singuli.wpress.me\/index.php\/wp-json\/wp\/v2\/product"}],"about":[{"href":"https:\/\/singuli.wpress.me\/index.php\/wp-json\/wp\/v2\/types\/product"}],"version-history":[{"count":0,"href":"https:\/\/singuli.wpress.me\/index.php\/wp-json\/wp\/v2\/product\/32275\/revisions"}],"wp:featuredmedia":[{"embeddable":true,"href":"https:\/\/singuli.wpress.me\/index.php\/wp-json\/wp\/v2\/media\/32276"}],"wp:attachment":[{"href":"https:\/\/singuli.wpress.me\/index.php\/wp-json\/wp\/v2\/media?parent=32275"}],"wp:term":[{"taxonomy":"product_brand","embeddable":true,"href":"https:\/\/singuli.wpress.me\/index.php\/wp-json\/wp\/v2\/product_brand?post=32275"},{"taxonomy":"product_cat","embeddable":true,"href":"https:\/\/singuli.wpress.me\/index.php\/wp-json\/wp\/v2\/product_cat?post=32275"},{"taxonomy":"product_tag","embeddable":true,"href":"https:\/\/singuli.wpress.me\/index.php\/wp-json\/wp\/v2\/product_tag?post=32275"}],"curies":[{"name":"wp","href":"https:\/\/api.w.org\/{rel}","templated":true}]}}