{"id":32281,"date":"2026-04-17T00:40:43","date_gmt":"2026-04-17T00:40:43","guid":{"rendered":"https:\/\/singuli.wpress.me\/index.php\/proizvod\/bildo-igracka-cajni-set-s-kolicima\/"},"modified":"2026-04-20T12:33:08","modified_gmt":"2026-04-20T12:33:08","slug":"bildo-igracka-cajni-set-s-kolicima","status":"publish","type":"product","link":"https:\/\/singuli.wpress.me\/index.php\/proizvod\/bildo-igracka-cajni-set-s-kolicima\/","title":{"rendered":"BILDO, igra\u010dka, \u010dajni set s kolicima"},"content":{"rendered":"<p>Zaplovite u svijet sofisticiranosti i \u0161arma s Glam Girls Tea Set &amp; Serving Trolley! Pripremite se za nezaboravne \u010dajanke s na\u0161im prekrasnim setom od 42 komada, pa\u017eljivo izra\u0111enim kako bi odu\u0161evio svaku mladu doma\u0107icu.<br \/>\nSadr\u017ei kompletan set za \u010daj ukra\u0161en elegantnim dizajnom, zajedno s \u010detiri \u0161alice i prate\u0107im priborom, gdje je svaki detalj pa\u017eljivo izra\u0111en. No, to nije sve &#8211; uz set dolazi prenosivi pladanj, omogu\u0107uju\u0107i vam da svoje goste poslu\u017eujete s lako\u0107om i stilom.<br \/>\nPretvorite svaki kutak u \u010darobno mjesto za u\u017eivanje u \u010dajankama!<br \/>\nDob: 3+<\/p>\n","protected":false},"excerpt":{"rendered":"<p>Set s 42 komada za \u010dajanku<br \/>\nElegantni dizajn sa \u0161alicama i priborom<br \/>\nDob: 3+ god<\/p>\n","protected":false},"featured_media":32282,"template":"","meta":{"_seopress_robots_primary_cat":"","_seopress_titles_title":"","_seopress_titles_desc":"","_seopress_robots_index":"","iawp_total_views":0},"product_brand":[512],"product_cat":[221,291],"product_tag":[],"class_list":{"0":"post-32281","1":"product","2":"type-product","3":"status-publish","4":"has-post-thumbnail","6":"product_brand-bildo","7":"product_cat-igracke","8":"product_cat-igracke-za-djecu-221","10":"first","11":"outofstock","12":"shipping-taxable","13":"purchasable","14":"product-type-simple"},"_links":{"self":[{"href":"https:\/\/singuli.wpress.me\/index.php\/wp-json\/wp\/v2\/product\/32281","targetHints":{"allow":["GET"]}}],"collection":[{"href":"https:\/\/singuli.wpress.me\/index.php\/wp-json\/wp\/v2\/product"}],"about":[{"href":"https:\/\/singuli.wpress.me\/index.php\/wp-json\/wp\/v2\/types\/product"}],"version-history":[{"count":0,"href":"https:\/\/singuli.wpress.me\/index.php\/wp-json\/wp\/v2\/product\/32281\/revisions"}],"wp:featuredmedia":[{"embeddable":true,"href":"https:\/\/singuli.wpress.me\/index.php\/wp-json\/wp\/v2\/media\/32282"}],"wp:attachment":[{"href":"https:\/\/singuli.wpress.me\/index.php\/wp-json\/wp\/v2\/media?parent=32281"}],"wp:term":[{"taxonomy":"product_brand","embeddable":true,"href":"https:\/\/singuli.wpress.me\/index.php\/wp-json\/wp\/v2\/product_brand?post=32281"},{"taxonomy":"product_cat","embeddable":true,"href":"https:\/\/singuli.wpress.me\/index.php\/wp-json\/wp\/v2\/product_cat?post=32281"},{"taxonomy":"product_tag","embeddable":true,"href":"https:\/\/singuli.wpress.me\/index.php\/wp-json\/wp\/v2\/product_tag?post=32281"}],"curies":[{"name":"wp","href":"https:\/\/api.w.org\/{rel}","templated":true}]}}