{"id":32286,"date":"2026-04-17T00:40:45","date_gmt":"2026-04-17T00:40:45","guid":{"rendered":"https:\/\/singuli.wpress.me\/index.php\/proizvod\/bildo-beauty-set-glam-veliki-studio-ljepote\/"},"modified":"2026-04-20T12:33:08","modified_gmt":"2026-04-20T12:33:08","slug":"bildo-beauty-set-glam-veliki-studio-ljepote","status":"publish","type":"product","link":"https:\/\/singuli.wpress.me\/index.php\/proizvod\/bildo-beauty-set-glam-veliki-studio-ljepote\/","title":{"rendered":"BILDO, beauty set, Glam veliki studio ljepote"},"content":{"rendered":"<p>Glam Veliki studio ljepote &#8211; mjesto gdje se ostvaruju snovi svake modno osvije\u0161tene djevoj\u010dice!<br \/>\nSpremite se za o\u010daravaju\u0107e trenutke s na\u0161im setom igra\u010daka za modu i ljepotu koji sadr\u017ei 12 fantasti\u010dnih dodataka. Od realisti\u010dnog su\u0161ila za kosu za glamurozne frizure do chic \u010de\u0161lja za savr\u0161eno oblikovanje, zabava nikada ne prestaje. Zaronite u svijet ma\u0161te s role-play ru\u017eevima i kolonjskom vodom te upotpunite svoj izgled s prekrasnom ogrlicom, sjajnim narukvicama i prstenjem. <br \/>\nPripremite se zasjati ja\u010de nego ikada!<br \/>\nDob: 3+<\/p>\n","protected":false},"excerpt":{"rendered":"<p>Set s 12 dodataka za modnu igru<br \/>\nRealisti\u010dni su\u0161ilo za kosu i \u010de\u0161alj<br \/>\nDob: 3+ god<\/p>\n","protected":false},"featured_media":32288,"template":"","meta":{"_seopress_robots_primary_cat":"","_seopress_titles_title":"","_seopress_titles_desc":"","_seopress_robots_index":"","iawp_total_views":0},"product_brand":[512],"product_cat":[221,291],"product_tag":[],"class_list":{"0":"post-32286","1":"product","2":"type-product","3":"status-publish","4":"has-post-thumbnail","6":"product_brand-bildo","7":"product_cat-igracke","8":"product_cat-igracke-za-djecu-221","10":"first","11":"outofstock","12":"shipping-taxable","13":"purchasable","14":"product-type-simple"},"_links":{"self":[{"href":"https:\/\/singuli.wpress.me\/index.php\/wp-json\/wp\/v2\/product\/32286","targetHints":{"allow":["GET"]}}],"collection":[{"href":"https:\/\/singuli.wpress.me\/index.php\/wp-json\/wp\/v2\/product"}],"about":[{"href":"https:\/\/singuli.wpress.me\/index.php\/wp-json\/wp\/v2\/types\/product"}],"version-history":[{"count":0,"href":"https:\/\/singuli.wpress.me\/index.php\/wp-json\/wp\/v2\/product\/32286\/revisions"}],"wp:featuredmedia":[{"embeddable":true,"href":"https:\/\/singuli.wpress.me\/index.php\/wp-json\/wp\/v2\/media\/32288"}],"wp:attachment":[{"href":"https:\/\/singuli.wpress.me\/index.php\/wp-json\/wp\/v2\/media?parent=32286"}],"wp:term":[{"taxonomy":"product_brand","embeddable":true,"href":"https:\/\/singuli.wpress.me\/index.php\/wp-json\/wp\/v2\/product_brand?post=32286"},{"taxonomy":"product_cat","embeddable":true,"href":"https:\/\/singuli.wpress.me\/index.php\/wp-json\/wp\/v2\/product_cat?post=32286"},{"taxonomy":"product_tag","embeddable":true,"href":"https:\/\/singuli.wpress.me\/index.php\/wp-json\/wp\/v2\/product_tag?post=32286"}],"curies":[{"name":"wp","href":"https:\/\/api.w.org\/{rel}","templated":true}]}}