{"id":32289,"date":"2026-04-17T00:40:46","date_gmt":"2026-04-17T00:40:46","guid":{"rendered":"https:\/\/singuli.wpress.me\/index.php\/proizvod\/bildo-igracka-peppa-pig-prijenosni-veterinarski-kofer\/"},"modified":"2026-04-20T12:33:08","modified_gmt":"2026-04-20T12:33:08","slug":"bildo-igracka-peppa-pig-prijenosni-veterinarski-kofer","status":"publish","type":"product","link":"https:\/\/singuli.wpress.me\/index.php\/proizvod\/bildo-igracka-peppa-pig-prijenosni-veterinarski-kofer\/","title":{"rendered":"BILDO, igra\u010dka, Peppa Pig prijenosni veterinarski kofer"},"content":{"rendered":"<p>Otkrijte beskrajne veterinarske avanture s prijenosnim veterinarskim kov\u010degom Peppa Pig! <br \/>\nOvaj divni set za igru dolazi s 16 osnovnih dijelova, uklju\u010duju\u0107i stetoskop, termometar, \u0161pricu i jo\u0161 mnogo toga, osiguravaju\u0107i da va\u0161 mali\u0161an ima sve \u0161to je potrebno za brigu o Peppi i njenim prijateljima. <br \/>\nS prakti\u010dnim prostorom za pohranu, ovaj prijenosni kov\u010deg omogu\u0107ava jednostavan transport, \u0161to ga \u010dini savr\u0161enim za igru u pokretu. <br \/>\nPustite ma\u0161ti svog djeteta na volju dok kre\u0107e u uzbudljive veterinarske avanture sa svojim omiljenim likovima iz Peppa Pig!<br \/>\nDob: 3+<\/p>\n","protected":false},"excerpt":{"rendered":"<p>16 dijelova za igru<br \/>\nPrijenosni kov\u010deg za lako no\u0161enje<br \/>\nDob: 3+ god<\/p>\n","protected":false},"featured_media":32290,"template":"","meta":{"_seopress_robots_primary_cat":"","_seopress_titles_title":"","_seopress_titles_desc":"","_seopress_robots_index":"","iawp_total_views":0},"product_brand":[512],"product_cat":[221,291],"product_tag":[],"class_list":{"0":"post-32289","1":"product","2":"type-product","3":"status-publish","4":"has-post-thumbnail","6":"product_brand-bildo","7":"product_cat-igracke","8":"product_cat-igracke-za-djecu-221","10":"first","11":"outofstock","12":"shipping-taxable","13":"purchasable","14":"product-type-simple"},"_links":{"self":[{"href":"https:\/\/singuli.wpress.me\/index.php\/wp-json\/wp\/v2\/product\/32289","targetHints":{"allow":["GET"]}}],"collection":[{"href":"https:\/\/singuli.wpress.me\/index.php\/wp-json\/wp\/v2\/product"}],"about":[{"href":"https:\/\/singuli.wpress.me\/index.php\/wp-json\/wp\/v2\/types\/product"}],"version-history":[{"count":0,"href":"https:\/\/singuli.wpress.me\/index.php\/wp-json\/wp\/v2\/product\/32289\/revisions"}],"wp:featuredmedia":[{"embeddable":true,"href":"https:\/\/singuli.wpress.me\/index.php\/wp-json\/wp\/v2\/media\/32290"}],"wp:attachment":[{"href":"https:\/\/singuli.wpress.me\/index.php\/wp-json\/wp\/v2\/media?parent=32289"}],"wp:term":[{"taxonomy":"product_brand","embeddable":true,"href":"https:\/\/singuli.wpress.me\/index.php\/wp-json\/wp\/v2\/product_brand?post=32289"},{"taxonomy":"product_cat","embeddable":true,"href":"https:\/\/singuli.wpress.me\/index.php\/wp-json\/wp\/v2\/product_cat?post=32289"},{"taxonomy":"product_tag","embeddable":true,"href":"https:\/\/singuli.wpress.me\/index.php\/wp-json\/wp\/v2\/product_tag?post=32289"}],"curies":[{"name":"wp","href":"https:\/\/api.w.org\/{rel}","templated":true}]}}