{"id":32292,"date":"2026-04-17T00:40:48","date_gmt":"2026-04-17T00:40:48","guid":{"rendered":"https:\/\/singuli.wpress.me\/index.php\/proizvod\/bildo-beauty-set-glam-studio-ljepote\/"},"modified":"2026-04-21T00:26:37","modified_gmt":"2026-04-21T00:26:37","slug":"bildo-beauty-set-glam-studio-ljepote","status":"publish","type":"product","link":"https:\/\/singuli.wpress.me\/index.php\/proizvod\/bildo-beauty-set-glam-studio-ljepote\/","title":{"rendered":"BILDO, beauty set, Glam Studio ljepote"},"content":{"rendered":"<p>Glam Studio ljepote &#8211; \u010darobno mjesto gdje se ma\u0161ta i glamur susre\u0107u! Ovaj set za ljepotu ostvaruje snove svake modno osvije\u0161tene djevoj\u010dice.<br \/>\nUz 11 o\u010daravaju\u0107ih dodataka za ljepotu, uklju\u010duju\u0107i realisti\u010dno su\u0161ilo za kosu, elegantni \u010de\u0161alj za savr\u0161eno oblikovanje, roleplay ru\u017eeve za beskrajne makeovere, mirisnu kolonjsku vodu za da\u0161ak elegancije, te blistave narukvice i prstenje za upotpunjavanje svakog izgleda, mogu\u0107nosti za zabavu i kreativnost su beskrajne.<br \/>\nNeka va\u0161e dijete otkrije svoj vlastiti stil, igraju\u0107i se i u\u010de\u0107i kako izra\u017eavati svoju osobnost kroz modu i ljepotu. Set je savr\u0161en za igru s prijateljima ili samostalnu igru. Potaknut \u0107e sate zabave i inspirirati beskrajne avanture u svijetu mode i ljepote. <br \/>\nU\u010dinite svaki dan glamuroznim uz Glam Studio ljepote &#8211; neka zabava zapo\u010dne!<br \/>\n Dob: 3+<\/p>\n","protected":false},"excerpt":{"rendered":"<p>Set s 11 dodataka za ljepotu i makeover<br \/>\nRealisti\u010dni su\u0161ilo za kosu i \u010de\u0161alj<br \/>\nDob: 3+ god<\/p>\n","protected":false},"featured_media":32294,"template":"","meta":{"_seopress_robots_primary_cat":"","_seopress_titles_title":"","_seopress_titles_desc":"","_seopress_robots_index":"","iawp_total_views":0},"product_brand":[512],"product_cat":[221,291],"product_tag":[],"class_list":{"0":"post-32292","1":"product","2":"type-product","3":"status-publish","4":"has-post-thumbnail","6":"product_brand-bildo","7":"product_cat-igracke","8":"product_cat-igracke-za-djecu-221","10":"first","11":"outofstock","12":"shipping-taxable","13":"purchasable","14":"product-type-simple"},"_links":{"self":[{"href":"https:\/\/singuli.wpress.me\/index.php\/wp-json\/wp\/v2\/product\/32292","targetHints":{"allow":["GET"]}}],"collection":[{"href":"https:\/\/singuli.wpress.me\/index.php\/wp-json\/wp\/v2\/product"}],"about":[{"href":"https:\/\/singuli.wpress.me\/index.php\/wp-json\/wp\/v2\/types\/product"}],"version-history":[{"count":0,"href":"https:\/\/singuli.wpress.me\/index.php\/wp-json\/wp\/v2\/product\/32292\/revisions"}],"wp:featuredmedia":[{"embeddable":true,"href":"https:\/\/singuli.wpress.me\/index.php\/wp-json\/wp\/v2\/media\/32294"}],"wp:attachment":[{"href":"https:\/\/singuli.wpress.me\/index.php\/wp-json\/wp\/v2\/media?parent=32292"}],"wp:term":[{"taxonomy":"product_brand","embeddable":true,"href":"https:\/\/singuli.wpress.me\/index.php\/wp-json\/wp\/v2\/product_brand?post=32292"},{"taxonomy":"product_cat","embeddable":true,"href":"https:\/\/singuli.wpress.me\/index.php\/wp-json\/wp\/v2\/product_cat?post=32292"},{"taxonomy":"product_tag","embeddable":true,"href":"https:\/\/singuli.wpress.me\/index.php\/wp-json\/wp\/v2\/product_tag?post=32292"}],"curies":[{"name":"wp","href":"https:\/\/api.w.org\/{rel}","templated":true}]}}