{"id":32309,"date":"2026-04-17T00:40:56","date_gmt":"2026-04-17T00:40:56","guid":{"rendered":"https:\/\/singuli.wpress.me\/index.php\/proizvod\/gillette-mach3-charcoal-brijac\/"},"modified":"2026-04-21T00:26:37","modified_gmt":"2026-04-21T00:26:37","slug":"gillette-mach3-charcoal-brijac","status":"publish","type":"product","link":"https:\/\/singuli.wpress.me\/index.php\/proizvod\/gillette-mach3-charcoal-brijac\/","title":{"rendered":"GILLETTE Mach3 Charcoal, brija\u010d"},"content":{"rendered":"<p>Najbolji dar s kojim \u0107e izgledati odli\u010dno. Mu\u0161ki brija\u010d s 3 o\u0161trice Gillette Mach3 Charcoal s malo ugljena i pobolj\u0161anom lubrikantnom trakicom za bolje klizanje* dizajniran je za glatko brijanje.  U\u017eivajte u novoj elegantnoj dr\u0161ci brija\u010da u boji ugljena koja lijepo sjedi u ruci i omogu\u0107uje temeljito brijanje sa stilom. Ovaj brija\u010d ima i o\u0161trice ja\u010de od \u010delika koje vam omogu\u0107uju do 15 ugodnih brijanja, a poma\u017ee i o\u010distiti ko\u017eu kada se koristi s gelom za brijanje Series Cleansing. U kompletu dobivate i postolje na kojem \u0107e brija\u010d ostati \u010dist, suh i spreman za upotrebu. *u odnosu na dosada\u0161nji Mach3<\/p>\n","protected":false},"excerpt":{"rendered":"<p>3 o\u0161trice koji vam omogu\u0107uje temeljito brijanje bez gnjava\u017ee<br \/>\nBrija\u010d s 3 o\u0161trice i pobolj\u0161anom lubrikantnom trakicom za bolje klizanje<br \/>\nElegantan dizajn: s vrhunskom dr\u0161kom od tamnog \u010delika inspiriranom ugljenom<\/p>\n","protected":false},"featured_media":32311,"template":"","meta":{"_seopress_robots_primary_cat":"","_seopress_titles_title":"","_seopress_titles_desc":"","_seopress_robots_index":"","iawp_total_views":0},"product_brand":[323],"product_cat":[280,192,279],"product_tag":[],"class_list":{"0":"post-32309","1":"product","2":"type-product","3":"status-publish","4":"has-post-thumbnail","6":"product_brand-gillette","7":"product_cat-aparati-za-muskarce-279","8":"product_cat-aparati-za-osobnu-njegu","9":"product_cat-brijanje-i-sisanje-192","11":"first","12":"outofstock","13":"shipping-taxable","14":"purchasable","15":"product-type-simple"},"_links":{"self":[{"href":"https:\/\/singuli.wpress.me\/index.php\/wp-json\/wp\/v2\/product\/32309","targetHints":{"allow":["GET"]}}],"collection":[{"href":"https:\/\/singuli.wpress.me\/index.php\/wp-json\/wp\/v2\/product"}],"about":[{"href":"https:\/\/singuli.wpress.me\/index.php\/wp-json\/wp\/v2\/types\/product"}],"version-history":[{"count":0,"href":"https:\/\/singuli.wpress.me\/index.php\/wp-json\/wp\/v2\/product\/32309\/revisions"}],"wp:featuredmedia":[{"embeddable":true,"href":"https:\/\/singuli.wpress.me\/index.php\/wp-json\/wp\/v2\/media\/32311"}],"wp:attachment":[{"href":"https:\/\/singuli.wpress.me\/index.php\/wp-json\/wp\/v2\/media?parent=32309"}],"wp:term":[{"taxonomy":"product_brand","embeddable":true,"href":"https:\/\/singuli.wpress.me\/index.php\/wp-json\/wp\/v2\/product_brand?post=32309"},{"taxonomy":"product_cat","embeddable":true,"href":"https:\/\/singuli.wpress.me\/index.php\/wp-json\/wp\/v2\/product_cat?post=32309"},{"taxonomy":"product_tag","embeddable":true,"href":"https:\/\/singuli.wpress.me\/index.php\/wp-json\/wp\/v2\/product_tag?post=32309"}],"curies":[{"name":"wp","href":"https:\/\/api.w.org\/{rel}","templated":true}]}}