{"id":32313,"date":"2026-04-17T00:40:57","date_gmt":"2026-04-17T00:40:57","guid":{"rendered":"https:\/\/singuli.wpress.me\/index.php\/proizvod\/swiffer-zamjenske-metlice-9-kom\/"},"modified":"2026-04-20T12:33:08","modified_gmt":"2026-04-20T12:33:08","slug":"swiffer-zamjenske-metlice-9-kom","status":"publish","type":"product","link":"https:\/\/singuli.wpress.me\/index.php\/proizvod\/swiffer-zamjenske-metlice-9-kom\/","title":{"rendered":"SWIFFER, zamjenske metlice, 9\u00a0kom"},"content":{"rendered":"<p>Recite zbogom pra\u0161ini, prljav\u0161tini i dlakama. <br \/>\nZahvaljuju\u0107i tisu\u0107ama pahuljasto mekih vlakana s laganim premazom, <span style=\"font-weight: bold\">Swiffer Duster<\/span> s povr\u0161ina hvata i zadr\u017eava pra\u0161inu, dla\u010dice i alergene od grinja, kao i dlake ku\u0107nih ljubimaca. Metlice za pra\u0161inu Swiffer imaju jedinstvena vlakna koja se prilago\u0111avaju i zavla\u010de u svaki kut i svaku pukotinu tako da mo\u017eete o\u010distiti pra\u0161inu i dlake s gotovo bilo koje povr\u0161ine, ne \u0161ire\u0107i ih pritom dalje po domu.<br \/>\nKorisni savjeti: posebno su prakti\u010dne za hvatanje dlaka ku\u0107nih ljubimaca jer ih se ve\u0107ina stalno linja ili ako ste alergi\u010dni na pra\u0161inu. \u010ciste tako dobro da bi vam se brisanje pra\u0161ine moglo i svidjeti. <br \/>\nMetlice za pra\u0161inu Swiffer koristite s dr\u0161kom Swiffer Duster.<\/p>\n","protected":false},"excerpt":{"rendered":"<p>Hvataju i zadr\u017eavaju do tri puta vi\u0161e pra\u0161ine i dlaka<br \/>\n9 zamjenske metlice za pra\u0161inu (dr\u0161ka se prodaje zasebno)<br \/>\n\u010ciste gotovo sve suhe povr\u0161ine bez vidljivih tragova<\/p>\n","protected":false},"featured_media":32315,"template":"","meta":{"_seopress_robots_primary_cat":"","_seopress_titles_title":"","_seopress_titles_desc":"","_seopress_robots_index":"","iawp_total_views":0},"product_brand":[514],"product_cat":[274,238],"product_tag":[],"class_list":{"0":"post-32313","1":"product","2":"type-product","3":"status-publish","4":"has-post-thumbnail","6":"product_brand-swiffer","7":"product_cat-kucanski-pribor-238","8":"product_cat-sve-za-dom","10":"first","11":"outofstock","12":"shipping-taxable","13":"purchasable","14":"product-type-simple"},"_links":{"self":[{"href":"https:\/\/singuli.wpress.me\/index.php\/wp-json\/wp\/v2\/product\/32313","targetHints":{"allow":["GET"]}}],"collection":[{"href":"https:\/\/singuli.wpress.me\/index.php\/wp-json\/wp\/v2\/product"}],"about":[{"href":"https:\/\/singuli.wpress.me\/index.php\/wp-json\/wp\/v2\/types\/product"}],"version-history":[{"count":0,"href":"https:\/\/singuli.wpress.me\/index.php\/wp-json\/wp\/v2\/product\/32313\/revisions"}],"wp:featuredmedia":[{"embeddable":true,"href":"https:\/\/singuli.wpress.me\/index.php\/wp-json\/wp\/v2\/media\/32315"}],"wp:attachment":[{"href":"https:\/\/singuli.wpress.me\/index.php\/wp-json\/wp\/v2\/media?parent=32313"}],"wp:term":[{"taxonomy":"product_brand","embeddable":true,"href":"https:\/\/singuli.wpress.me\/index.php\/wp-json\/wp\/v2\/product_brand?post=32313"},{"taxonomy":"product_cat","embeddable":true,"href":"https:\/\/singuli.wpress.me\/index.php\/wp-json\/wp\/v2\/product_cat?post=32313"},{"taxonomy":"product_tag","embeddable":true,"href":"https:\/\/singuli.wpress.me\/index.php\/wp-json\/wp\/v2\/product_tag?post=32313"}],"curies":[{"name":"wp","href":"https:\/\/api.w.org\/{rel}","templated":true}]}}