{"id":32327,"date":"2026-04-17T00:41:02","date_gmt":"2026-04-17T00:41:02","guid":{"rendered":"https:\/\/singuli.wpress.me\/index.php\/proizvod\/rimula-r7-ad-0w20-motorno-ulje-za-gospodarska-vozila-209-l\/"},"modified":"2026-04-20T12:33:08","modified_gmt":"2026-04-20T12:33:08","slug":"rimula-r7-ad-0w20-motorno-ulje-za-gospodarska-vozila-209-l","status":"publish","type":"product","link":"https:\/\/singuli.wpress.me\/index.php\/proizvod\/rimula-r7-ad-0w20-motorno-ulje-za-gospodarska-vozila-209-l\/","title":{"rendered":"RIMULA R7+ AD 0W20, motorno ulje za gospodarska vozila, 209\u00a0l"},"content":{"rendered":"<p>Shell Rimula R7 Plus AD 0W-20 je potpuno sinteti\u010dko, motorno ulje za te\u0161ko optere\u0107ene dizel motore gospodarskih vozila. Ovo motorno ulje niske viskoznosti s jedinstvenom tehnologijom aditiva pru\u017ea u\u0161tedu goriva i nisku emisiju ispu\u0161nih plinova. <br \/>\nOmogu\u0107uje u\u0161tedu pri odr\u017eavanju s dugim intervalima izmjene ulja i pru\u017ea maksimalnu  za\u0161titu od tro\u0161enja motora.<\/p>\n","protected":false},"excerpt":{"rendered":"<p>Potpuno sinteti\u010dko, motorno ulje za te\u0161ko optere\u0107ene dizel motore gospodarskih vozila<br \/>\nMotorno ulje niske viskoznosti s jedinstvenom tehnologijom aditiv<br \/>\nPru\u017ea u\u0161tedu goriva i nisku emisiju ispu\u0161nih plinova<\/p>\n","protected":false},"featured_media":32328,"template":"","meta":{"_seopress_robots_primary_cat":"","_seopress_titles_title":"","_seopress_titles_desc":"","_seopress_robots_index":"","iawp_total_views":0},"product_brand":[469],"product_cat":[243,272],"product_tag":[],"class_list":{"0":"post-32327","1":"product","2":"type-product","3":"status-publish","4":"has-post-thumbnail","6":"product_brand-rimula","7":"product_cat-automobili-i-motori","8":"product_cat-motorna-ulja-243","10":"first","11":"instock","12":"shipping-taxable","13":"purchasable","14":"product-type-simple"},"_links":{"self":[{"href":"https:\/\/singuli.wpress.me\/index.php\/wp-json\/wp\/v2\/product\/32327","targetHints":{"allow":["GET"]}}],"collection":[{"href":"https:\/\/singuli.wpress.me\/index.php\/wp-json\/wp\/v2\/product"}],"about":[{"href":"https:\/\/singuli.wpress.me\/index.php\/wp-json\/wp\/v2\/types\/product"}],"version-history":[{"count":0,"href":"https:\/\/singuli.wpress.me\/index.php\/wp-json\/wp\/v2\/product\/32327\/revisions"}],"wp:featuredmedia":[{"embeddable":true,"href":"https:\/\/singuli.wpress.me\/index.php\/wp-json\/wp\/v2\/media\/32328"}],"wp:attachment":[{"href":"https:\/\/singuli.wpress.me\/index.php\/wp-json\/wp\/v2\/media?parent=32327"}],"wp:term":[{"taxonomy":"product_brand","embeddable":true,"href":"https:\/\/singuli.wpress.me\/index.php\/wp-json\/wp\/v2\/product_brand?post=32327"},{"taxonomy":"product_cat","embeddable":true,"href":"https:\/\/singuli.wpress.me\/index.php\/wp-json\/wp\/v2\/product_cat?post=32327"},{"taxonomy":"product_tag","embeddable":true,"href":"https:\/\/singuli.wpress.me\/index.php\/wp-json\/wp\/v2\/product_tag?post=32327"}],"curies":[{"name":"wp","href":"https:\/\/api.w.org\/{rel}","templated":true}]}}