{"id":32330,"date":"2026-04-17T00:41:05","date_gmt":"2026-04-17T00:41:05","guid":{"rendered":"https:\/\/singuli.wpress.me\/index.php\/proizvod\/spirax-s4-cx-30-mjenjacko-ulje-20-l\/"},"modified":"2026-04-20T12:33:08","modified_gmt":"2026-04-20T12:33:08","slug":"spirax-s4-cx-30-mjenjacko-ulje-20-l","status":"publish","type":"product","link":"https:\/\/singuli.wpress.me\/index.php\/proizvod\/spirax-s4-cx-30-mjenjacko-ulje-20-l\/","title":{"rendered":"SPIRAX S4 CX 30, mjenja\u010dko ulje, 20\u00a0l"},"content":{"rendered":"<p>Ovo vi\u0161enamjensko ulje predstavlja rje\u0161enje visokih performansi za mjenja\u010de i hidrauli\u010dke sustave terenskih vozila. Dizajnirano je kako bi osiguralo nesmetan rad i maksimalnu pouzdanost opreme kroz cijeli njezin radni vijek. U potpunosti zadovoljava zahtjeve modernih mjenja\u010da, diferencijala, mokrih ko\u010dnica i hidrauli\u010dkih sustava na te\u0161ko optere\u0107enim strojevima. Korisnici mogu o\u010dekivati minimalno proklizavanje spojke, ugla\u0111en i tih rad ko\u010dnica te nesmetan rad prijenosnog sustava.<\/p>\n","protected":false},"excerpt":{"rendered":"<p>Pogodno za mjenja\u010de, diferencijale, mokre ko\u010dnice i hidrauli\u010dke sustave<br \/>\nOsigurava nesmetan rad opreme u najte\u017eim uvjetima<br \/>\nOmogu\u0107uje minimalno proklizavanje, ugla\u0111en rad ko\u010dnica i tihi rad prijenosa<\/p>\n","protected":false},"featured_media":32331,"template":"","meta":{"_seopress_robots_primary_cat":"","_seopress_titles_title":"","_seopress_titles_desc":"","_seopress_robots_index":"","iawp_total_views":0},"product_brand":[371],"product_cat":[243,276],"product_tag":[],"class_list":{"0":"post-32330","1":"product","2":"type-product","3":"status-publish","4":"has-post-thumbnail","6":"product_brand-spirax","7":"product_cat-automobili-i-motori","8":"product_cat-industrijska-i-specijalna-ulja-243","10":"first","11":"outofstock","12":"shipping-taxable","13":"purchasable","14":"product-type-simple"},"_links":{"self":[{"href":"https:\/\/singuli.wpress.me\/index.php\/wp-json\/wp\/v2\/product\/32330","targetHints":{"allow":["GET"]}}],"collection":[{"href":"https:\/\/singuli.wpress.me\/index.php\/wp-json\/wp\/v2\/product"}],"about":[{"href":"https:\/\/singuli.wpress.me\/index.php\/wp-json\/wp\/v2\/types\/product"}],"version-history":[{"count":0,"href":"https:\/\/singuli.wpress.me\/index.php\/wp-json\/wp\/v2\/product\/32330\/revisions"}],"wp:featuredmedia":[{"embeddable":true,"href":"https:\/\/singuli.wpress.me\/index.php\/wp-json\/wp\/v2\/media\/32331"}],"wp:attachment":[{"href":"https:\/\/singuli.wpress.me\/index.php\/wp-json\/wp\/v2\/media?parent=32330"}],"wp:term":[{"taxonomy":"product_brand","embeddable":true,"href":"https:\/\/singuli.wpress.me\/index.php\/wp-json\/wp\/v2\/product_brand?post=32330"},{"taxonomy":"product_cat","embeddable":true,"href":"https:\/\/singuli.wpress.me\/index.php\/wp-json\/wp\/v2\/product_cat?post=32330"},{"taxonomy":"product_tag","embeddable":true,"href":"https:\/\/singuli.wpress.me\/index.php\/wp-json\/wp\/v2\/product_tag?post=32330"}],"curies":[{"name":"wp","href":"https:\/\/api.w.org\/{rel}","templated":true}]}}