{"id":32333,"date":"2026-04-17T00:41:07","date_gmt":"2026-04-17T00:41:07","guid":{"rendered":"https:\/\/singuli.wpress.me\/index.php\/proizvod\/rio-mare-tunjevina-u-maslinovom-ulju-ljuta-papricica-3x65g\/"},"modified":"2026-04-20T12:33:08","modified_gmt":"2026-04-20T12:33:08","slug":"rio-mare-tunjevina-u-maslinovom-ulju-ljuta-papricica-3x65g","status":"publish","type":"product","link":"https:\/\/singuli.wpress.me\/index.php\/proizvod\/rio-mare-tunjevina-u-maslinovom-ulju-ljuta-papricica-3x65g\/","title":{"rendered":"RIO MARE, tunjevina u maslinovom ulju, ljuta papri\u010dica, 3x65g"},"content":{"rendered":"<p>Gotovo za\u010dinjeno jelo pripremljeno s ukusnom Rio Mare tunjevinom i ljutom papri\u010dicom. Za ljubitelje za\u010dinjenog okusa. Tunjevina visoke kvalitete u kombinaciji s nasjeckanom ljutom papri\u010dicom koja daje jedinstveni okus.Probajte dodati 100 grama cherry-raj\u010dica nasjeckanih na \u010detvrtine<\/p>\n","protected":false},"excerpt":{"rendered":"<p>Za\u010dinjeno i pikantno<br \/>\nIdealna za ljubitelje ljutog<br \/>\nSavr\u0161ena kombinacija<\/p>\n","protected":false},"featured_media":32334,"template":"","meta":{"_seopress_robots_primary_cat":"","_seopress_titles_title":"","_seopress_titles_desc":"","_seopress_robots_index":"","iawp_total_views":0},"product_brand":[456],"product_cat":[261,299],"product_tag":[],"class_list":{"0":"post-32333","1":"product","2":"type-product","3":"status-publish","4":"has-post-thumbnail","6":"product_brand-rio-mare","7":"product_cat-hrana-i-pice","8":"product_cat-konzervirana-i-gotova-hrana-261","10":"first","11":"instock","12":"shipping-taxable","13":"purchasable","14":"product-type-simple"},"_links":{"self":[{"href":"https:\/\/singuli.wpress.me\/index.php\/wp-json\/wp\/v2\/product\/32333","targetHints":{"allow":["GET"]}}],"collection":[{"href":"https:\/\/singuli.wpress.me\/index.php\/wp-json\/wp\/v2\/product"}],"about":[{"href":"https:\/\/singuli.wpress.me\/index.php\/wp-json\/wp\/v2\/types\/product"}],"version-history":[{"count":0,"href":"https:\/\/singuli.wpress.me\/index.php\/wp-json\/wp\/v2\/product\/32333\/revisions"}],"wp:featuredmedia":[{"embeddable":true,"href":"https:\/\/singuli.wpress.me\/index.php\/wp-json\/wp\/v2\/media\/32334"}],"wp:attachment":[{"href":"https:\/\/singuli.wpress.me\/index.php\/wp-json\/wp\/v2\/media?parent=32333"}],"wp:term":[{"taxonomy":"product_brand","embeddable":true,"href":"https:\/\/singuli.wpress.me\/index.php\/wp-json\/wp\/v2\/product_brand?post=32333"},{"taxonomy":"product_cat","embeddable":true,"href":"https:\/\/singuli.wpress.me\/index.php\/wp-json\/wp\/v2\/product_cat?post=32333"},{"taxonomy":"product_tag","embeddable":true,"href":"https:\/\/singuli.wpress.me\/index.php\/wp-json\/wp\/v2\/product_tag?post=32333"}],"curies":[{"name":"wp","href":"https:\/\/api.w.org\/{rel}","templated":true}]}}