{"id":32335,"date":"2026-04-17T00:41:08","date_gmt":"2026-04-17T00:41:08","guid":{"rendered":"https:\/\/singuli.wpress.me\/index.php\/proizvod\/rio-mare-tunjevina-u-maslinovom-ulju-limun-i-crni-papar-3x65g\/"},"modified":"2026-04-20T12:33:08","modified_gmt":"2026-04-20T12:33:08","slug":"rio-mare-tunjevina-u-maslinovom-ulju-limun-i-crni-papar-3x65g","status":"publish","type":"product","link":"https:\/\/singuli.wpress.me\/index.php\/proizvod\/rio-mare-tunjevina-u-maslinovom-ulju-limun-i-crni-papar-3x65g\/","title":{"rendered":"RIO MARE, tunjevina u maslinovom ulju, limun i crni papar, 3x65g"},"content":{"rendered":"<p>Rio Mare tunjevina vrhunske kvalitete u spoju s limunom i crnim paprom donosi Vam kombinaciju svje\u017eih i za\u010dinjenih okusa koja \u0107e i najjednostavnija jela u\u010diniti izvanrednima. Za sve one koji u\u017eivaju u eksperimentiranju u kuhinji nudimo jedinstven proizvod: tunjevinu vrhunske kvalitete savr\u0161eno za\u010dinjenu s prstohvatom papra i limunovim sokom.<\/p>\n","protected":false},"excerpt":{"rendered":"<p>Savr\u0161ena za ljubitelje svje\u017eih okusa<br \/>\nVisoka kvaliteta<br \/>\nGotovo za\u010dinjeno jelo<\/p>\n","protected":false},"featured_media":32336,"template":"","meta":{"_seopress_robots_primary_cat":"","_seopress_titles_title":"","_seopress_titles_desc":"","_seopress_robots_index":"","iawp_total_views":0},"product_brand":[456],"product_cat":[261,299],"product_tag":[],"class_list":{"0":"post-32335","1":"product","2":"type-product","3":"status-publish","4":"has-post-thumbnail","6":"product_brand-rio-mare","7":"product_cat-hrana-i-pice","8":"product_cat-konzervirana-i-gotova-hrana-261","10":"first","11":"instock","12":"shipping-taxable","13":"purchasable","14":"product-type-simple"},"_links":{"self":[{"href":"https:\/\/singuli.wpress.me\/index.php\/wp-json\/wp\/v2\/product\/32335","targetHints":{"allow":["GET"]}}],"collection":[{"href":"https:\/\/singuli.wpress.me\/index.php\/wp-json\/wp\/v2\/product"}],"about":[{"href":"https:\/\/singuli.wpress.me\/index.php\/wp-json\/wp\/v2\/types\/product"}],"version-history":[{"count":0,"href":"https:\/\/singuli.wpress.me\/index.php\/wp-json\/wp\/v2\/product\/32335\/revisions"}],"wp:featuredmedia":[{"embeddable":true,"href":"https:\/\/singuli.wpress.me\/index.php\/wp-json\/wp\/v2\/media\/32336"}],"wp:attachment":[{"href":"https:\/\/singuli.wpress.me\/index.php\/wp-json\/wp\/v2\/media?parent=32335"}],"wp:term":[{"taxonomy":"product_brand","embeddable":true,"href":"https:\/\/singuli.wpress.me\/index.php\/wp-json\/wp\/v2\/product_brand?post=32335"},{"taxonomy":"product_cat","embeddable":true,"href":"https:\/\/singuli.wpress.me\/index.php\/wp-json\/wp\/v2\/product_cat?post=32335"},{"taxonomy":"product_tag","embeddable":true,"href":"https:\/\/singuli.wpress.me\/index.php\/wp-json\/wp\/v2\/product_tag?post=32335"}],"curies":[{"name":"wp","href":"https:\/\/api.w.org\/{rel}","templated":true}]}}