{"id":32344,"date":"2026-04-17T00:41:16","date_gmt":"2026-04-17T00:41:16","guid":{"rendered":"https:\/\/singuli.wpress.me\/index.php\/proizvod\/carlsberg-pivo-24x0-5l-l\/"},"modified":"2026-04-20T12:33:08","modified_gmt":"2026-04-20T12:33:08","slug":"carlsberg-pivo-24x0-5l-l","status":"publish","type":"product","link":"https:\/\/singuli.wpress.me\/index.php\/proizvod\/carlsberg-pivo-24x0-5l-l\/","title":{"rendered":"CARLSBERG, pivo, 24&#215;0.5l, \u00a0l"},"content":{"rendered":"<p><span style=\"font-weight: bold\">Carlsberg<\/span> je savr\u0161en izbor za ljubitelje kvalitetnog lager piva. Ovo svijetlo pivo je pasterizirano kako bi se osigurala dugotrajnost i o\u010duvanje svje\u017eine okusa. Proizvedeno prema najvi\u0161im standardima pivarske industrije, Carlsberg lager karakterizira blaga gor\u010dina, uravnote\u017een okus i osvje\u017eavaju\u0107a aroma koja osvaja ve\u0107 pri prvom gutljaju. Idealno je za svaku priliku \u2013 od opu\u0161tanja kod ku\u0107e do dru\u017eenja s prijateljima. Carlsberg, kao sinonim za tradiciju i kvalitetu, nudi vam \u010disto zadovoljstvo u svakoj limenci. U\u017eivajte u autenti\u010dnom pivu koje donosi da\u0161ak europske pivske kulture na va\u0161e nepce.<\/p>\n","protected":false},"excerpt":{"rendered":"<p>Carlsberg, sinonim za tradiciju i kvalitetu<br \/>\nPasterizirano, svijetlo pivo<br \/>\nAlk. 5,0% vol.<\/p>\n","protected":false},"featured_media":32345,"template":"","meta":{"_seopress_robots_primary_cat":"","_seopress_titles_title":"","_seopress_titles_desc":"","_seopress_robots_index":"","iawp_total_views":0},"product_brand":[519],"product_cat":[298,261],"product_tag":[],"class_list":{"0":"post-32344","1":"product","2":"type-product","3":"status-publish","4":"has-post-thumbnail","6":"product_brand-carlsberg","7":"product_cat-alkoholna-pica-261","8":"product_cat-hrana-i-pice","10":"first","11":"instock","12":"shipping-taxable","13":"purchasable","14":"product-type-simple"},"_links":{"self":[{"href":"https:\/\/singuli.wpress.me\/index.php\/wp-json\/wp\/v2\/product\/32344","targetHints":{"allow":["GET"]}}],"collection":[{"href":"https:\/\/singuli.wpress.me\/index.php\/wp-json\/wp\/v2\/product"}],"about":[{"href":"https:\/\/singuli.wpress.me\/index.php\/wp-json\/wp\/v2\/types\/product"}],"version-history":[{"count":0,"href":"https:\/\/singuli.wpress.me\/index.php\/wp-json\/wp\/v2\/product\/32344\/revisions"}],"wp:featuredmedia":[{"embeddable":true,"href":"https:\/\/singuli.wpress.me\/index.php\/wp-json\/wp\/v2\/media\/32345"}],"wp:attachment":[{"href":"https:\/\/singuli.wpress.me\/index.php\/wp-json\/wp\/v2\/media?parent=32344"}],"wp:term":[{"taxonomy":"product_brand","embeddable":true,"href":"https:\/\/singuli.wpress.me\/index.php\/wp-json\/wp\/v2\/product_brand?post=32344"},{"taxonomy":"product_cat","embeddable":true,"href":"https:\/\/singuli.wpress.me\/index.php\/wp-json\/wp\/v2\/product_cat?post=32344"},{"taxonomy":"product_tag","embeddable":true,"href":"https:\/\/singuli.wpress.me\/index.php\/wp-json\/wp\/v2\/product_tag?post=32344"}],"curies":[{"name":"wp","href":"https:\/\/api.w.org\/{rel}","templated":true}]}}