{"id":32347,"date":"2026-04-17T00:41:17","date_gmt":"2026-04-17T00:41:17","guid":{"rendered":"https:\/\/singuli.wpress.me\/index.php\/proizvod\/always-ekstra-long-odour-lock-dnevni-ulosci-54-kom\/"},"modified":"2026-04-20T12:33:08","modified_gmt":"2026-04-20T12:33:08","slug":"always-ekstra-long-odour-lock-dnevni-ulosci-54-kom","status":"publish","type":"product","link":"https:\/\/singuli.wpress.me\/index.php\/proizvod\/always-ekstra-long-odour-lock-dnevni-ulosci-54-kom\/","title":{"rendered":"ALWAYS Ekstra Long Odour Lock, dnevni ulo\u0161ci, 54\u00a0kom"},"content":{"rendered":"<p>Ostanite za\u0161ti\u0107eni cijeli dan s dnevnim ulo\u0161cima Always Dailies Protect Ekstra Long. Ovo su na\u0161i najdu\u017ei ulo\u0161ci za maksimalnu za\u0161titu, a odlikuju se i na\u0161om jedinstvenom tehnologijom neutralizacije neugodnih mirisa za maksimalnu diskreciju. Zahvaljuju\u0107i svojim upijaju\u0107im zonama i bo\u010dnim za\u0161titnim barijerama oni su svakodnevna za\u0161tita od vaginalnog iscjetka, kod neredovite i slabe mjese\u010dnice ili bilo kojeg laganog curenja. U\u017eivajte u osje\u0107aju svje\u017eine \u010distih ga\u0107ica!<\/p>\n","protected":false},"excerpt":{"rendered":"<p>Iznimno dugi dnevni ulo\u0161ci s dodatnom za\u0161titom<br \/>\nDnevni ulo\u0161ci s bo\u010dnim za\u0161titnim zonama za bolju za\u0161titu od propu\u0161tanja<br \/>\nPouzdano stoje na svom mjestu<\/p>\n","protected":false},"featured_media":32348,"template":"","meta":{"_seopress_robots_primary_cat":"","_seopress_titles_title":"","_seopress_titles_desc":"","_seopress_robots_index":"","iawp_total_views":0},"product_brand":[449],"product_cat":[211,288],"product_tag":[],"class_list":{"0":"post-32347","1":"product","2":"type-product","3":"status-publish","4":"has-post-thumbnail","6":"product_brand-always","7":"product_cat-njega-majke-i-djeteta","8":"product_cat-zenska-higijena-211","10":"first","11":"instock","12":"shipping-taxable","13":"purchasable","14":"product-type-simple"},"_links":{"self":[{"href":"https:\/\/singuli.wpress.me\/index.php\/wp-json\/wp\/v2\/product\/32347","targetHints":{"allow":["GET"]}}],"collection":[{"href":"https:\/\/singuli.wpress.me\/index.php\/wp-json\/wp\/v2\/product"}],"about":[{"href":"https:\/\/singuli.wpress.me\/index.php\/wp-json\/wp\/v2\/types\/product"}],"version-history":[{"count":0,"href":"https:\/\/singuli.wpress.me\/index.php\/wp-json\/wp\/v2\/product\/32347\/revisions"}],"wp:featuredmedia":[{"embeddable":true,"href":"https:\/\/singuli.wpress.me\/index.php\/wp-json\/wp\/v2\/media\/32348"}],"wp:attachment":[{"href":"https:\/\/singuli.wpress.me\/index.php\/wp-json\/wp\/v2\/media?parent=32347"}],"wp:term":[{"taxonomy":"product_brand","embeddable":true,"href":"https:\/\/singuli.wpress.me\/index.php\/wp-json\/wp\/v2\/product_brand?post=32347"},{"taxonomy":"product_cat","embeddable":true,"href":"https:\/\/singuli.wpress.me\/index.php\/wp-json\/wp\/v2\/product_cat?post=32347"},{"taxonomy":"product_tag","embeddable":true,"href":"https:\/\/singuli.wpress.me\/index.php\/wp-json\/wp\/v2\/product_tag?post=32347"}],"curies":[{"name":"wp","href":"https:\/\/api.w.org\/{rel}","templated":true}]}}