{"id":32351,"date":"2026-04-17T00:41:20","date_gmt":"2026-04-17T00:41:20","guid":{"rendered":"https:\/\/singuli.wpress.me\/index.php\/proizvod\/always-extra-protect-long-dnevni-ulosci-48-kom\/"},"modified":"2026-04-20T12:33:08","modified_gmt":"2026-04-20T12:33:08","slug":"always-extra-protect-long-dnevni-ulosci-48-kom","status":"publish","type":"product","link":"https:\/\/singuli.wpress.me\/index.php\/proizvod\/always-extra-protect-long-dnevni-ulosci-48-kom\/","title":{"rendered":"ALWAYS Extra Protect Long, dnevni ulo\u0161ci, 48\u00a0kom"},"content":{"rendered":"<p>Ostanite za\u0161ti\u0107eni cijeli dan s dnevnim ulo\u0161cima Always Dailies Protect Long. Ovi su dnevni ulo\u0161ci ekstra duga\u010dki i \u0161iroki za dodatnu za\u0161titu, a imaju i na\u0161 jedinstven svje\u017e cvjetni miris. Zahvaljuju\u0107i svojim upijaju\u0107im zonama i bo\u010dnim za\u0161titnim barijerama oni su svakodnevna za\u0161tita od vaginalnog iscjetka, kod neredovite i slabe mjese\u010dnice ili bilo kojeg laganog curenja. U\u017eivajte u osje\u0107aju svje\u017eine \u010distih ga\u0107ica!<\/p>\n","protected":false},"excerpt":{"rendered":"<p>Svje\u017e miris<br \/>\nPouzdano stoje na svom mjestu<br \/>\nDugi dnevni ulo\u0161ci za dodatnu za\u0161titu<\/p>\n","protected":false},"featured_media":32353,"template":"","meta":{"_seopress_robots_primary_cat":"","_seopress_titles_title":"","_seopress_titles_desc":"","_seopress_robots_index":"","iawp_total_views":0},"product_brand":[449],"product_cat":[211,288],"product_tag":[],"class_list":{"0":"post-32351","1":"product","2":"type-product","3":"status-publish","4":"has-post-thumbnail","6":"product_brand-always","7":"product_cat-njega-majke-i-djeteta","8":"product_cat-zenska-higijena-211","10":"first","11":"instock","12":"shipping-taxable","13":"purchasable","14":"product-type-simple"},"_links":{"self":[{"href":"https:\/\/singuli.wpress.me\/index.php\/wp-json\/wp\/v2\/product\/32351","targetHints":{"allow":["GET"]}}],"collection":[{"href":"https:\/\/singuli.wpress.me\/index.php\/wp-json\/wp\/v2\/product"}],"about":[{"href":"https:\/\/singuli.wpress.me\/index.php\/wp-json\/wp\/v2\/types\/product"}],"version-history":[{"count":0,"href":"https:\/\/singuli.wpress.me\/index.php\/wp-json\/wp\/v2\/product\/32351\/revisions"}],"wp:featuredmedia":[{"embeddable":true,"href":"https:\/\/singuli.wpress.me\/index.php\/wp-json\/wp\/v2\/media\/32353"}],"wp:attachment":[{"href":"https:\/\/singuli.wpress.me\/index.php\/wp-json\/wp\/v2\/media?parent=32351"}],"wp:term":[{"taxonomy":"product_brand","embeddable":true,"href":"https:\/\/singuli.wpress.me\/index.php\/wp-json\/wp\/v2\/product_brand?post=32351"},{"taxonomy":"product_cat","embeddable":true,"href":"https:\/\/singuli.wpress.me\/index.php\/wp-json\/wp\/v2\/product_cat?post=32351"},{"taxonomy":"product_tag","embeddable":true,"href":"https:\/\/singuli.wpress.me\/index.php\/wp-json\/wp\/v2\/product_tag?post=32351"}],"curies":[{"name":"wp","href":"https:\/\/api.w.org\/{rel}","templated":true}]}}