{"id":32352,"date":"2026-04-17T00:41:20","date_gmt":"2026-04-17T00:41:20","guid":{"rendered":"https:\/\/singuli.wpress.me\/index.php\/proizvod\/always-platinum-day-night-higijenski-ulosci-22-kom\/"},"modified":"2026-04-20T12:33:08","modified_gmt":"2026-04-20T12:33:08","slug":"always-platinum-day-night-higijenski-ulosci-22-kom","status":"publish","type":"product","link":"https:\/\/singuli.wpress.me\/index.php\/proizvod\/always-platinum-day-night-higijenski-ulosci-22-kom\/","title":{"rendered":"ALWAYS Platinum\u00a0Day &amp; Night, higijenski ulo\u0161ci, 22\u00a0kom"},"content":{"rendered":"<p>Higijenski ulo\u0161ci Always Platinum s krilcima ComfortLock osmi\u0161ljeni su za bolje pristajanje da ne bi do\u0161lo do propu\u0161tanja, pomicanja ni neudobnosti. <br \/>\nS higijenskim ulo\u0161cima Always Platinum ne\u0107ete se ni sjetiti da imate mjese\u010dnicu.<br \/>\n Always Platinum Day &amp; Night (veli\u010dina 3) s krilcima preporu\u010duje se za dnevnu i no\u0107nu upotrebu ako imate umjereno obilnu do obilnu mjese\u010dnicu. <br \/>\nRedizajnirali smo ulo\u0161ke Always Platinum Day &amp; Night za bolje iskustvo no\u0161enja. Isprobajte i Always Platinum Secure Night (veli\u010dina 4), najbolje higijenske ulo\u0161ke za za\u0161titu tijekom no\u0107i iz linije Always Platinum. <\/p>\n","protected":false},"excerpt":{"rendered":"<p>Do 100% za\u0161tite od propu\u0161tanja i dodatna udobnost<br \/>\nDizajnirani su da bolje pristaju i lak\u0161e se skidaju<br \/>\nNeutralizira neugodne mirise<\/p>\n","protected":false},"featured_media":32354,"template":"","meta":{"_seopress_robots_primary_cat":"","_seopress_titles_title":"","_seopress_titles_desc":"","_seopress_robots_index":"","iawp_total_views":0},"product_brand":[449],"product_cat":[211,288],"product_tag":[],"class_list":{"0":"post-32352","1":"product","2":"type-product","3":"status-publish","4":"has-post-thumbnail","6":"product_brand-always","7":"product_cat-njega-majke-i-djeteta","8":"product_cat-zenska-higijena-211","10":"first","11":"instock","12":"shipping-taxable","13":"purchasable","14":"product-type-simple"},"_links":{"self":[{"href":"https:\/\/singuli.wpress.me\/index.php\/wp-json\/wp\/v2\/product\/32352","targetHints":{"allow":["GET"]}}],"collection":[{"href":"https:\/\/singuli.wpress.me\/index.php\/wp-json\/wp\/v2\/product"}],"about":[{"href":"https:\/\/singuli.wpress.me\/index.php\/wp-json\/wp\/v2\/types\/product"}],"version-history":[{"count":0,"href":"https:\/\/singuli.wpress.me\/index.php\/wp-json\/wp\/v2\/product\/32352\/revisions"}],"wp:featuredmedia":[{"embeddable":true,"href":"https:\/\/singuli.wpress.me\/index.php\/wp-json\/wp\/v2\/media\/32354"}],"wp:attachment":[{"href":"https:\/\/singuli.wpress.me\/index.php\/wp-json\/wp\/v2\/media?parent=32352"}],"wp:term":[{"taxonomy":"product_brand","embeddable":true,"href":"https:\/\/singuli.wpress.me\/index.php\/wp-json\/wp\/v2\/product_brand?post=32352"},{"taxonomy":"product_cat","embeddable":true,"href":"https:\/\/singuli.wpress.me\/index.php\/wp-json\/wp\/v2\/product_cat?post=32352"},{"taxonomy":"product_tag","embeddable":true,"href":"https:\/\/singuli.wpress.me\/index.php\/wp-json\/wp\/v2\/product_tag?post=32352"}],"curies":[{"name":"wp","href":"https:\/\/api.w.org\/{rel}","templated":true}]}}