{"id":32370,"date":"2026-04-17T00:41:31","date_gmt":"2026-04-17T00:41:31","guid":{"rendered":"https:\/\/singuli.wpress.me\/index.php\/proizvod\/somersby-cider-borovnica-0-5-l\/"},"modified":"2026-04-20T12:33:08","modified_gmt":"2026-04-20T12:33:08","slug":"somersby-cider-borovnica-0-5-l","status":"publish","type":"product","link":"https:\/\/singuli.wpress.me\/index.php\/proizvod\/somersby-cider-borovnica-0-5-l\/","title":{"rendered":"SOMERSBY, cider, borovnica, 0.5\u00a0l"},"content":{"rendered":"<p><span style=\"font-weight: bold\">Somersby Borovnica<\/span> je osvje\u017eavaju\u0107i vo\u0107ni cider blagog prirodnog i vo\u0107nog okusa borovnice. Poslu\u017een u \u010da\u0161i punoj leda omogu\u0107ava maksimalno osvje\u017eenje te je idealan za upotpunjavanje sun\u010danih trenutaka dru\u017eenja i zabave \u2013 \u201efit for fun\u201c.<\/p>\n","protected":false},"excerpt":{"rendered":"<p>Osvje\u017eavaju\u0107i vo\u0107ni cider blagog prirodnog i vo\u0107nog okusa borovnice<br \/>\nIdealna osvje\u017eavaju\u0107a alternativa u svim ostalim prilikama<br \/>\nAlk. 4.5% vol<\/p>\n","protected":false},"featured_media":32371,"template":"","meta":{"_seopress_robots_primary_cat":"","_seopress_titles_title":"","_seopress_titles_desc":"","_seopress_robots_index":"","iawp_total_views":0},"product_brand":[517],"product_cat":[298,261],"product_tag":[],"class_list":{"0":"post-32370","1":"product","2":"type-product","3":"status-publish","4":"has-post-thumbnail","6":"product_brand-somersby","7":"product_cat-alkoholna-pica-261","8":"product_cat-hrana-i-pice","10":"first","11":"instock","12":"shipping-taxable","13":"purchasable","14":"product-type-simple"},"_links":{"self":[{"href":"https:\/\/singuli.wpress.me\/index.php\/wp-json\/wp\/v2\/product\/32370","targetHints":{"allow":["GET"]}}],"collection":[{"href":"https:\/\/singuli.wpress.me\/index.php\/wp-json\/wp\/v2\/product"}],"about":[{"href":"https:\/\/singuli.wpress.me\/index.php\/wp-json\/wp\/v2\/types\/product"}],"version-history":[{"count":0,"href":"https:\/\/singuli.wpress.me\/index.php\/wp-json\/wp\/v2\/product\/32370\/revisions"}],"wp:featuredmedia":[{"embeddable":true,"href":"https:\/\/singuli.wpress.me\/index.php\/wp-json\/wp\/v2\/media\/32371"}],"wp:attachment":[{"href":"https:\/\/singuli.wpress.me\/index.php\/wp-json\/wp\/v2\/media?parent=32370"}],"wp:term":[{"taxonomy":"product_brand","embeddable":true,"href":"https:\/\/singuli.wpress.me\/index.php\/wp-json\/wp\/v2\/product_brand?post=32370"},{"taxonomy":"product_cat","embeddable":true,"href":"https:\/\/singuli.wpress.me\/index.php\/wp-json\/wp\/v2\/product_cat?post=32370"},{"taxonomy":"product_tag","embeddable":true,"href":"https:\/\/singuli.wpress.me\/index.php\/wp-json\/wp\/v2\/product_tag?post=32370"}],"curies":[{"name":"wp","href":"https:\/\/api.w.org\/{rel}","templated":true}]}}