{"id":32381,"date":"2026-04-17T00:41:41","date_gmt":"2026-04-17T00:41:41","guid":{"rendered":"https:\/\/singuli.wpress.me\/index.php\/proizvod\/pan-lager-pivo-4x6pack\/"},"modified":"2026-04-20T12:33:08","modified_gmt":"2026-04-20T12:33:08","slug":"pan-lager-pivo-4x6pack","status":"publish","type":"product","link":"https:\/\/singuli.wpress.me\/index.php\/proizvod\/pan-lager-pivo-4x6pack\/","title":{"rendered":"PAN Lager, pivo, 4x6pack"},"content":{"rendered":"<p><span style=\"font-weight: bold\">Pan Lager<\/span> predstavlja izvrsno osvje\u017eenje za sve ljubitelje svijetlog lager piva. Ovo pasterizirano pivo proizvedeno je prema najvi\u0161im standardima, osiguravaju\u0107i trajnost i o\u010duvanje bogatog okusa. Pan Lager se odlikuje blagom gor\u010dinom i uravnote\u017eenim okusom, s osvje\u017eavaju\u0107om aromom koja zadovoljava ve\u0107 pri prvom gutljaju. Idealno je za svaku priliku, bilo da se radi o opu\u0161tanju nakon posla, ro\u0161tilju s prijateljima ili proslavi posebnih trenutaka. Pan, kao renomirani brend, donosi tradiciju i kvalitetu u svaku limenku, pru\u017eaju\u0107i vam autenti\u010dno pivsko iskustvo. U\u017eivajte u savr\u0161enom spoju osvje\u017eenja i okusa koji donosi Pan Lager.<\/p>\n","protected":false},"excerpt":{"rendered":"<p>Izvrsno osvje\u017eenje za sve ljubitelje svijetlog lager piva<br \/>\nPasterizirano pivo proizvedeno je prema najvi\u0161im standardima<br \/>\nAlk. 4,8% vol.<\/p>\n","protected":false},"featured_media":32383,"template":"","meta":{"_seopress_robots_primary_cat":"","_seopress_titles_title":"","_seopress_titles_desc":"","_seopress_robots_index":"","iawp_total_views":0},"product_brand":[515],"product_cat":[298,261],"product_tag":[],"class_list":{"0":"post-32381","1":"product","2":"type-product","3":"status-publish","4":"has-post-thumbnail","6":"product_brand-pan","7":"product_cat-alkoholna-pica-261","8":"product_cat-hrana-i-pice","10":"first","11":"instock","12":"shipping-taxable","13":"purchasable","14":"product-type-simple"},"_links":{"self":[{"href":"https:\/\/singuli.wpress.me\/index.php\/wp-json\/wp\/v2\/product\/32381","targetHints":{"allow":["GET"]}}],"collection":[{"href":"https:\/\/singuli.wpress.me\/index.php\/wp-json\/wp\/v2\/product"}],"about":[{"href":"https:\/\/singuli.wpress.me\/index.php\/wp-json\/wp\/v2\/types\/product"}],"version-history":[{"count":0,"href":"https:\/\/singuli.wpress.me\/index.php\/wp-json\/wp\/v2\/product\/32381\/revisions"}],"wp:featuredmedia":[{"embeddable":true,"href":"https:\/\/singuli.wpress.me\/index.php\/wp-json\/wp\/v2\/media\/32383"}],"wp:attachment":[{"href":"https:\/\/singuli.wpress.me\/index.php\/wp-json\/wp\/v2\/media?parent=32381"}],"wp:term":[{"taxonomy":"product_brand","embeddable":true,"href":"https:\/\/singuli.wpress.me\/index.php\/wp-json\/wp\/v2\/product_brand?post=32381"},{"taxonomy":"product_cat","embeddable":true,"href":"https:\/\/singuli.wpress.me\/index.php\/wp-json\/wp\/v2\/product_cat?post=32381"},{"taxonomy":"product_tag","embeddable":true,"href":"https:\/\/singuli.wpress.me\/index.php\/wp-json\/wp\/v2\/product_tag?post=32381"}],"curies":[{"name":"wp","href":"https:\/\/api.w.org\/{rel}","templated":true}]}}