{"id":32393,"date":"2026-04-17T00:41:52","date_gmt":"2026-04-17T00:41:52","guid":{"rendered":"https:\/\/singuli.wpress.me\/index.php\/proizvod\/pan-zlatni-pivo-20x0-5l\/"},"modified":"2026-04-20T12:33:08","modified_gmt":"2026-04-20T12:33:08","slug":"pan-zlatni-pivo-20x0-5l","status":"publish","type":"product","link":"https:\/\/singuli.wpress.me\/index.php\/proizvod\/pan-zlatni-pivo-20x0-5l\/","title":{"rendered":"PAN Zlatni, pivo, 20&#215;0.5l"},"content":{"rendered":"<p>Pan Zlatni  vrhunsko je svijetlo lager pivo, pa\u017eljivo pasterizirano kako bi se osigurala dugotrajna svje\u017eina i kvaliteta okusa. Ovo pivo se isti\u010de svojom blagom gor\u010dinom i savr\u0161eno uravnote\u017eenim okusom, pru\u017eaju\u0107i osvje\u017eavaju\u0107e iskustvo sa svakim gutljajem. Idealno je za razli\u010dite prilike, od opu\u0161tanja nakon dugog dana, do proslava i dru\u017eenja s prijateljima. Pan Zlatni nosi sa sobom bogatu tradiciju pivarskog umije\u0107a i vrhunsku kvalitetu, \u0161to ga \u010dini omiljenim izborom me\u0111u ljubiteljima piva. U\u017eivajte u autenti\u010dnom do\u017eivljaju s Pan Zlatnim \u2013 savr\u0161enom kombinacijom okusa i osvje\u017eenja.<\/p>\n","protected":false},"excerpt":{"rendered":"<p>Vrhunsko svijetlo lager pivo, pa\u017eljivo pasterizirano<br \/>\nDugotrajna svje\u017eina i kvaliteta okusa<br \/>\nAlk. 5,0% vol<\/p>\n","protected":false},"featured_media":32395,"template":"","meta":{"_seopress_robots_primary_cat":"","_seopress_titles_title":"","_seopress_titles_desc":"","_seopress_robots_index":"","iawp_total_views":0},"product_brand":[515],"product_cat":[298,261],"product_tag":[],"class_list":{"0":"post-32393","1":"product","2":"type-product","3":"status-publish","4":"has-post-thumbnail","6":"product_brand-pan","7":"product_cat-alkoholna-pica-261","8":"product_cat-hrana-i-pice","10":"first","11":"instock","12":"shipping-taxable","13":"purchasable","14":"product-type-simple"},"_links":{"self":[{"href":"https:\/\/singuli.wpress.me\/index.php\/wp-json\/wp\/v2\/product\/32393","targetHints":{"allow":["GET"]}}],"collection":[{"href":"https:\/\/singuli.wpress.me\/index.php\/wp-json\/wp\/v2\/product"}],"about":[{"href":"https:\/\/singuli.wpress.me\/index.php\/wp-json\/wp\/v2\/types\/product"}],"version-history":[{"count":0,"href":"https:\/\/singuli.wpress.me\/index.php\/wp-json\/wp\/v2\/product\/32393\/revisions"}],"wp:featuredmedia":[{"embeddable":true,"href":"https:\/\/singuli.wpress.me\/index.php\/wp-json\/wp\/v2\/media\/32395"}],"wp:attachment":[{"href":"https:\/\/singuli.wpress.me\/index.php\/wp-json\/wp\/v2\/media?parent=32393"}],"wp:term":[{"taxonomy":"product_brand","embeddable":true,"href":"https:\/\/singuli.wpress.me\/index.php\/wp-json\/wp\/v2\/product_brand?post=32393"},{"taxonomy":"product_cat","embeddable":true,"href":"https:\/\/singuli.wpress.me\/index.php\/wp-json\/wp\/v2\/product_cat?post=32393"},{"taxonomy":"product_tag","embeddable":true,"href":"https:\/\/singuli.wpress.me\/index.php\/wp-json\/wp\/v2\/product_tag?post=32393"}],"curies":[{"name":"wp","href":"https:\/\/api.w.org\/{rel}","templated":true}]}}