{"id":32398,"date":"2026-04-17T00:41:56","date_gmt":"2026-04-17T00:41:56","guid":{"rendered":"https:\/\/singuli.wpress.me\/index.php\/proizvod\/somersby-cider-jabuka-24x0-33l\/"},"modified":"2026-04-20T12:33:08","modified_gmt":"2026-04-20T12:33:08","slug":"somersby-cider-jabuka-24x0-33l","status":"publish","type":"product","link":"https:\/\/singuli.wpress.me\/index.php\/proizvod\/somersby-cider-jabuka-24x0-33l\/","title":{"rendered":"SOMERSBY, cider, jabuka, 24&#215;0.33l"},"content":{"rendered":"<p>Somersby je jabu\u010dni alkoholni cider u potpunosti spravljen od prirodnih sastojaka koji je 2010. zatresao hrvatsko tr\u017ei\u0161te. Somersby Jabuka sadr\u017ei jabu\u010dno vino i sok od jabuke te \u0161e\u0107er i prirodne arome kojima se posti\u017ee izbalansirana slatko\u0107a i potpuni okus. Somersby Jabuka je pravo osvje\u017eenje ispunjeno nje\u017enim mjehuri\u0107ima uz 4,5% alkohola sa samo 59 kcal na 100 ml. Njegov karakteristi\u010dni okus do punog izra\u017eaja dolazi kada je dobro rashla\u0111en i poslu\u017een u \u010da\u0161i s puno leda. Somersby je kozmopolitsko pi\u0107e koje je u vrlo kratkom roku osvojilo sve svjetske metropole, ali i hrvatske gradove. Zbog svojeg je sastava savr\u0161eno pi\u0107e za dru\u017eenje s prijateljima nakon posla i tijekom kasnopopodnevnih doga\u0111anja, ali i idealna osvje\u017eavaju\u0107a alternativa u svim ostalim prilikama. Somersby su \u0161irom svijeta prihvatili mladi urbani ljudi koji su uvijek otvoreni za nove trendove, izazove i promjene.<\/p>\n","protected":false},"excerpt":{"rendered":"<p>Razbla\u017eeno vo\u0107no vino od jabuke<br \/>\nPravo osvje\u017eenje s mjehuri\u0107ima<br \/>\nAlk. 4,5% vol.<\/p>\n","protected":false},"featured_media":32400,"template":"","meta":{"_seopress_robots_primary_cat":"","_seopress_titles_title":"","_seopress_titles_desc":"","_seopress_robots_index":"","iawp_total_views":0},"product_brand":[517],"product_cat":[298,261],"product_tag":[],"class_list":{"0":"post-32398","1":"product","2":"type-product","3":"status-publish","4":"has-post-thumbnail","6":"product_brand-somersby","7":"product_cat-alkoholna-pica-261","8":"product_cat-hrana-i-pice","10":"first","11":"instock","12":"shipping-taxable","13":"purchasable","14":"product-type-simple"},"_links":{"self":[{"href":"https:\/\/singuli.wpress.me\/index.php\/wp-json\/wp\/v2\/product\/32398","targetHints":{"allow":["GET"]}}],"collection":[{"href":"https:\/\/singuli.wpress.me\/index.php\/wp-json\/wp\/v2\/product"}],"about":[{"href":"https:\/\/singuli.wpress.me\/index.php\/wp-json\/wp\/v2\/types\/product"}],"version-history":[{"count":0,"href":"https:\/\/singuli.wpress.me\/index.php\/wp-json\/wp\/v2\/product\/32398\/revisions"}],"wp:featuredmedia":[{"embeddable":true,"href":"https:\/\/singuli.wpress.me\/index.php\/wp-json\/wp\/v2\/media\/32400"}],"wp:attachment":[{"href":"https:\/\/singuli.wpress.me\/index.php\/wp-json\/wp\/v2\/media?parent=32398"}],"wp:term":[{"taxonomy":"product_brand","embeddable":true,"href":"https:\/\/singuli.wpress.me\/index.php\/wp-json\/wp\/v2\/product_brand?post=32398"},{"taxonomy":"product_cat","embeddable":true,"href":"https:\/\/singuli.wpress.me\/index.php\/wp-json\/wp\/v2\/product_cat?post=32398"},{"taxonomy":"product_tag","embeddable":true,"href":"https:\/\/singuli.wpress.me\/index.php\/wp-json\/wp\/v2\/product_tag?post=32398"}],"curies":[{"name":"wp","href":"https:\/\/api.w.org\/{rel}","templated":true}]}}