{"id":32401,"date":"2026-04-17T00:41:59","date_gmt":"2026-04-17T00:41:59","guid":{"rendered":"https:\/\/singuli.wpress.me\/index.php\/proizvod\/blanc-pivo-24x0-5l\/"},"modified":"2026-04-20T12:33:08","modified_gmt":"2026-04-20T12:33:08","slug":"blanc-pivo-24x0-5l","status":"publish","type":"product","link":"https:\/\/singuli.wpress.me\/index.php\/proizvod\/blanc-pivo-24x0-5l\/","title":{"rendered":"BLANC, pivo, 24&#215;0.5l"},"content":{"rendered":"<p><span style=\"font-weight: bold;color: #284A41\">Blanc<\/span><span style=\"color: #284A41\"> jedinstvenog je okusa pro\u017eet nagla\u0161enim vo\u0107nim notama, magli\u010dasto svijetlo \u017eute boje okrunjene bogatom pjenom kremaste teksture. Na ku\u0161anje, osje\u0107a se balans citrusa i korijandera koji stvara savr\u0161eni omjer slatkog i kiselog. Vrlo je blage gor\u010dine zbog \u010dega svaki gutljaj u ustima oblikuje ugodan kremasti osje\u0107aj.<\/span><\/p>\n","protected":false},"excerpt":{"rendered":"<p>Jedinstvenog okusa pro\u017eet nagla\u0161enim vo\u0107nim notama<br \/>\nMagli\u010dasto svijetlo \u017eute boje okrunjene bogatom pjenom kremaste teksture<br \/>\nAlk. 5,0% vol.<\/p>\n","protected":false},"featured_media":32403,"template":"","meta":{"_seopress_robots_primary_cat":"","_seopress_titles_title":"","_seopress_titles_desc":"","_seopress_robots_index":"","iawp_total_views":0},"product_brand":[520],"product_cat":[298,261],"product_tag":[],"class_list":{"0":"post-32401","1":"product","2":"type-product","3":"status-publish","4":"has-post-thumbnail","6":"product_brand-blanc","7":"product_cat-alkoholna-pica-261","8":"product_cat-hrana-i-pice","10":"first","11":"instock","12":"shipping-taxable","13":"purchasable","14":"product-type-simple"},"_links":{"self":[{"href":"https:\/\/singuli.wpress.me\/index.php\/wp-json\/wp\/v2\/product\/32401","targetHints":{"allow":["GET"]}}],"collection":[{"href":"https:\/\/singuli.wpress.me\/index.php\/wp-json\/wp\/v2\/product"}],"about":[{"href":"https:\/\/singuli.wpress.me\/index.php\/wp-json\/wp\/v2\/types\/product"}],"version-history":[{"count":0,"href":"https:\/\/singuli.wpress.me\/index.php\/wp-json\/wp\/v2\/product\/32401\/revisions"}],"wp:featuredmedia":[{"embeddable":true,"href":"https:\/\/singuli.wpress.me\/index.php\/wp-json\/wp\/v2\/media\/32403"}],"wp:attachment":[{"href":"https:\/\/singuli.wpress.me\/index.php\/wp-json\/wp\/v2\/media?parent=32401"}],"wp:term":[{"taxonomy":"product_brand","embeddable":true,"href":"https:\/\/singuli.wpress.me\/index.php\/wp-json\/wp\/v2\/product_brand?post=32401"},{"taxonomy":"product_cat","embeddable":true,"href":"https:\/\/singuli.wpress.me\/index.php\/wp-json\/wp\/v2\/product_cat?post=32401"},{"taxonomy":"product_tag","embeddable":true,"href":"https:\/\/singuli.wpress.me\/index.php\/wp-json\/wp\/v2\/product_tag?post=32401"}],"curies":[{"name":"wp","href":"https:\/\/api.w.org\/{rel}","templated":true}]}}