{"id":32402,"date":"2026-04-17T00:41:59","date_gmt":"2026-04-17T00:41:59","guid":{"rendered":"https:\/\/singuli.wpress.me\/index.php\/proizvod\/holsten-pivo-24x0-5l\/"},"modified":"2026-04-20T12:33:08","modified_gmt":"2026-04-20T12:33:08","slug":"holsten-pivo-24x0-5l","status":"publish","type":"product","link":"https:\/\/singuli.wpress.me\/index.php\/proizvod\/holsten-pivo-24x0-5l\/","title":{"rendered":"HOLSTEN, pivo, 24&#215;0.5l"},"content":{"rendered":"<p>Holsten je pivo vrhunske kvalitete spravljeno prema posebnoj njema\u010dkoj recepturi zbog \u010dega predstavlja pravi izbor za iskusnog potro\u0161a\u010da koji tra\u017ei pravu vrijednost za svoj novac. Karakterizira ga bogata tradicija koja se\u017ee u daleku 1879. Holsten je osvje\u017eavaju\u0107e i lagano lager pivo na bazi je\u010dmenog slada s 4,0% alkohola. Zlatno je \u017eute boje, a u njegovom okusu prevladava bogatstvo i slatko\u0107a je\u010dma, uz blagu gor\u010dinu koja u ustima ostaje nakon ispijanja.<\/p>\n","protected":false},"excerpt":{"rendered":"<p>Osvje\u017eavaju\u0107e i lagano lager pivo<br \/>\nPrakti\u010dno pakiranje<br \/>\nAlk. 4,0% vol<\/p>\n","protected":false},"featured_media":32404,"template":"","meta":{"_seopress_robots_primary_cat":"","_seopress_titles_title":"","_seopress_titles_desc":"","_seopress_robots_index":"","iawp_total_views":0},"product_brand":[518],"product_cat":[298,261],"product_tag":[],"class_list":{"0":"post-32402","1":"product","2":"type-product","3":"status-publish","4":"has-post-thumbnail","6":"product_brand-holsten","7":"product_cat-alkoholna-pica-261","8":"product_cat-hrana-i-pice","10":"first","11":"instock","12":"shipping-taxable","13":"purchasable","14":"product-type-simple"},"_links":{"self":[{"href":"https:\/\/singuli.wpress.me\/index.php\/wp-json\/wp\/v2\/product\/32402","targetHints":{"allow":["GET"]}}],"collection":[{"href":"https:\/\/singuli.wpress.me\/index.php\/wp-json\/wp\/v2\/product"}],"about":[{"href":"https:\/\/singuli.wpress.me\/index.php\/wp-json\/wp\/v2\/types\/product"}],"version-history":[{"count":0,"href":"https:\/\/singuli.wpress.me\/index.php\/wp-json\/wp\/v2\/product\/32402\/revisions"}],"wp:featuredmedia":[{"embeddable":true,"href":"https:\/\/singuli.wpress.me\/index.php\/wp-json\/wp\/v2\/media\/32404"}],"wp:attachment":[{"href":"https:\/\/singuli.wpress.me\/index.php\/wp-json\/wp\/v2\/media?parent=32402"}],"wp:term":[{"taxonomy":"product_brand","embeddable":true,"href":"https:\/\/singuli.wpress.me\/index.php\/wp-json\/wp\/v2\/product_brand?post=32402"},{"taxonomy":"product_cat","embeddable":true,"href":"https:\/\/singuli.wpress.me\/index.php\/wp-json\/wp\/v2\/product_cat?post=32402"},{"taxonomy":"product_tag","embeddable":true,"href":"https:\/\/singuli.wpress.me\/index.php\/wp-json\/wp\/v2\/product_tag?post=32402"}],"curies":[{"name":"wp","href":"https:\/\/api.w.org\/{rel}","templated":true}]}}