{"id":32414,"date":"2026-04-17T00:42:05","date_gmt":"2026-04-17T00:42:05","guid":{"rendered":"https:\/\/singuli.wpress.me\/index.php\/proizvod\/oral-b-pro-kids-zubna-pasta-50-ml\/"},"modified":"2026-04-20T12:33:08","modified_gmt":"2026-04-20T12:33:08","slug":"oral-b-pro-kids-zubna-pasta-50-ml","status":"publish","type":"product","link":"https:\/\/singuli.wpress.me\/index.php\/proizvod\/oral-b-pro-kids-zubna-pasta-50-ml\/","title":{"rendered":"ORAL-B Pro Kids, zubna pasta, 50\u00a0ml"},"content":{"rendered":"<div><span style=\"font-family: Prompt, Arial, Helvetica, sans-serif;font-size: 16px\">Oral-B Pro Kids pasta za zube posebno je dizajnirana za djecu od 6 mjeseci do 6 godina . Inspiriran stomatolozima, poma\u017ee u sprje\u010davanju karijesa \u0161tite\u0107i zube od svakodnevnih u\u010dinaka kiselina i \u0161e\u0107era. Njegov nje\u017ean sastav i sadr\u017eaj fluora posebno su dizajnirani za djecu.<\/span><\/div>\n<div><span style=\"font-family: Prompt, Arial, Helvetica, sans-serif;font-size: 16px\"><br \/><\/span><\/div>\n<div><span style=\"font-family: Prompt, Arial, Helvetica, sans-serif;font-size: 16px\">Dje\u010dji mlije\u010dni zubi zaslu\u017euju najbolju za\u0161titu i njegu jer je njihova uloga da odr\u017ee prostor za budu\u0107e trajne zube i preduvjet su za njihov zdrav razvoj.<\/span><\/div>\n<div><span style=\"font-family: Prompt, Arial, Helvetica, sans-serif;font-size: 16px\"><br \/><\/span><\/div>\n<div><span style=\"font-family: Prompt, Arial, Helvetica, sans-serif;font-size: 16px\">Kako pravilno koristiti pastu za zube:<\/span><\/div>\n<div><span style=\"font-family: Prompt, Arial, Helvetica, sans-serif;font-size: 16px\">Koristite pastu za zube 2 puta dnevno pod nadzorom odrasle osobe kako biste sveli gutanje na minimum.<\/span><\/div>\n","protected":false},"excerpt":{"rendered":"<p>Idealna za djecu starosti od 6mj do 6 godina<br \/>\n\u0160titi zube od kiselina iz \u0161e\u0107era u svakodnevnoj hrani<br \/>\nZubna pasta bez \u0161e\u0107era<\/p>\n","protected":false},"featured_media":32416,"template":"","meta":{"_seopress_robots_primary_cat":"","_seopress_titles_title":"","_seopress_titles_desc":"","_seopress_robots_index":"","iawp_total_views":0},"product_brand":[423],"product_cat":[268,309,320],"product_tag":[],"class_list":{"0":"post-32414","1":"product","2":"type-product","3":"status-publish","4":"has-post-thumbnail","6":"product_brand-oral-b-2","7":"product_cat-kozmetika-2","8":"product_cat-oralna-higijena-268","9":"product_cat-paste-za-zube-309","11":"first","12":"instock","13":"shipping-taxable","14":"purchasable","15":"product-type-simple"},"_links":{"self":[{"href":"https:\/\/singuli.wpress.me\/index.php\/wp-json\/wp\/v2\/product\/32414","targetHints":{"allow":["GET"]}}],"collection":[{"href":"https:\/\/singuli.wpress.me\/index.php\/wp-json\/wp\/v2\/product"}],"about":[{"href":"https:\/\/singuli.wpress.me\/index.php\/wp-json\/wp\/v2\/types\/product"}],"version-history":[{"count":0,"href":"https:\/\/singuli.wpress.me\/index.php\/wp-json\/wp\/v2\/product\/32414\/revisions"}],"wp:featuredmedia":[{"embeddable":true,"href":"https:\/\/singuli.wpress.me\/index.php\/wp-json\/wp\/v2\/media\/32416"}],"wp:attachment":[{"href":"https:\/\/singuli.wpress.me\/index.php\/wp-json\/wp\/v2\/media?parent=32414"}],"wp:term":[{"taxonomy":"product_brand","embeddable":true,"href":"https:\/\/singuli.wpress.me\/index.php\/wp-json\/wp\/v2\/product_brand?post=32414"},{"taxonomy":"product_cat","embeddable":true,"href":"https:\/\/singuli.wpress.me\/index.php\/wp-json\/wp\/v2\/product_cat?post=32414"},{"taxonomy":"product_tag","embeddable":true,"href":"https:\/\/singuli.wpress.me\/index.php\/wp-json\/wp\/v2\/product_tag?post=32414"}],"curies":[{"name":"wp","href":"https:\/\/api.w.org\/{rel}","templated":true}]}}