{"id":32421,"date":"2026-04-17T00:42:09","date_gmt":"2026-04-17T00:42:09","guid":{"rendered":"https:\/\/singuli.wpress.me\/index.php\/proizvod\/domo-rostilj-genius\/"},"modified":"2026-04-21T00:26:37","modified_gmt":"2026-04-21T00:26:37","slug":"domo-rostilj-genius","status":"publish","type":"product","link":"https:\/\/singuli.wpress.me\/index.php\/proizvod\/domo-rostilj-genius\/","title":{"rendered":"DOMO, ro\u0161tilj, Genius"},"content":{"rendered":"<p>DOMO ro\u0161tilj Genius je visokokvalitetan elektri\u010dni ro\u0161tilj koji nudi izvrsnu svestranost i prakti\u010dnost za pripremu raznih jela. Ovaj ro\u0161tilj je idealan za kori\u0161tenje kako u zatvorenom prostoru tako i na otvorenom, \u010dine\u0107i ga savr\u0161enim izborom za obiteljska okupljanja, zabave ili jednostavne svakodnevne obroke.<\/p>\n<p>Karakteristike:<br \/>\n\u2022 Savr\u0161ena raspodjela topline<br \/>\n\u2022 Odstranjiva plo\u010da<br \/>\n\u2022 Podesivi termostat<br \/>\n\u2022 2400 W<br \/>\n\u2022 Zone pe\u010denja: plo\u010da za ro\u0161tilj i ravna plo\u010da za pe\u010denje<br \/>\n\u2022 Odstranjive posude za pe\u010denje s visokom kvalitetom i neljepljivi premaz za najbolje rezultate pe\u010denja<br \/>\n\u2022 Plo\u010de za pe\u010denje su pogodne za pranje u perilici posu\u0111a<br \/>\n\u2022 Zone pe\u010denja mogu se postaviti zasebno, \u0161to ga \u010dini prikladnim za upotrebu za razli\u010dite pripravke u isto vrijeme<br \/>\n\u2022 Podesivi termostat s indikacijskim svjetlom i signalom<br \/>\n\u2022 Posuda za sakupljanje vi\u0161ka masno\u0107e i uklonjiva plo\u010da za za\u0161titu od vjetra<br \/>\n\u2022 IPX4 -otporan na prskanje i bez PFAS<br \/>\n\u2022 Povr\u0161ina za pe\u010denje: 28,2 x 24,6 cm (x 2)<br \/>\n\u2022 Dimenzije ure\u0111aja: 52 x 29 x 15,5 cm<br \/>\n\u2022 Spremi\u0161te za kabel i ne klizaju\u0107e noge<br \/>\n\u2022 Elegantna i visokokvalitetna zavr\u0161na obrada od nehr\u0111aju\u0107eg \u010delika<\/p>\n","protected":false},"excerpt":{"rendered":"<p>Savr\u0161ena raspodjela topline<br \/>\nOdstranjiva plo\u010da<br \/>\nPodesivi termostat<\/p>\n","protected":false},"featured_media":32422,"template":"","meta":{"_seopress_robots_primary_cat":"","_seopress_titles_title":"","_seopress_titles_desc":"","_seopress_robots_index":"","iawp_total_views":0},"product_brand":[255],"product_cat":[192,267],"product_tag":[],"class_list":{"0":"post-32421","1":"product","2":"type-product","3":"status-publish","4":"has-post-thumbnail","6":"product_brand-domo","7":"product_cat-aparati-za-osobnu-njegu","8":"product_cat-zdravstveni-uredaji-192","10":"first","11":"instock","12":"shipping-taxable","13":"purchasable","14":"product-type-simple"},"_links":{"self":[{"href":"https:\/\/singuli.wpress.me\/index.php\/wp-json\/wp\/v2\/product\/32421","targetHints":{"allow":["GET"]}}],"collection":[{"href":"https:\/\/singuli.wpress.me\/index.php\/wp-json\/wp\/v2\/product"}],"about":[{"href":"https:\/\/singuli.wpress.me\/index.php\/wp-json\/wp\/v2\/types\/product"}],"version-history":[{"count":0,"href":"https:\/\/singuli.wpress.me\/index.php\/wp-json\/wp\/v2\/product\/32421\/revisions"}],"wp:featuredmedia":[{"embeddable":true,"href":"https:\/\/singuli.wpress.me\/index.php\/wp-json\/wp\/v2\/media\/32422"}],"wp:attachment":[{"href":"https:\/\/singuli.wpress.me\/index.php\/wp-json\/wp\/v2\/media?parent=32421"}],"wp:term":[{"taxonomy":"product_brand","embeddable":true,"href":"https:\/\/singuli.wpress.me\/index.php\/wp-json\/wp\/v2\/product_brand?post=32421"},{"taxonomy":"product_cat","embeddable":true,"href":"https:\/\/singuli.wpress.me\/index.php\/wp-json\/wp\/v2\/product_cat?post=32421"},{"taxonomy":"product_tag","embeddable":true,"href":"https:\/\/singuli.wpress.me\/index.php\/wp-json\/wp\/v2\/product_tag?post=32421"}],"curies":[{"name":"wp","href":"https:\/\/api.w.org\/{rel}","templated":true}]}}