{"id":32427,"date":"2026-04-17T00:42:10","date_gmt":"2026-04-17T00:42:10","guid":{"rendered":"https:\/\/singuli.wpress.me\/index.php\/proizvod\/mr-proper-peps-mandarin-sprej-za-odmascivanje-800-ml\/"},"modified":"2026-04-20T12:33:08","modified_gmt":"2026-04-20T12:33:08","slug":"mr-proper-peps-mandarin-sprej-za-odmascivanje-800-ml","status":"publish","type":"product","link":"https:\/\/singuli.wpress.me\/index.php\/proizvod\/mr-proper-peps-mandarin-sprej-za-odmascivanje-800-ml\/","title":{"rendered":"MR. PROPER Peps Mandarin, sprej za odma\u0161\u0107ivanje, 800\u00a0ml"},"content":{"rendered":"<p>Sprej za odma\u0161\u0107ivanje Mr. Proper prodire kroz prljav\u0161tinu, zagorenu masno\u0107u i naslage. <\/p>\n<p>Savr\u0161en je za \u010di\u0161\u0107enje skoro svih tvrdih povr\u0161ina u kuhinji jer ima formulu s kojom ne treba ribati povr\u0161ine. <\/p>\n<p>Iza sebe ostavlja samo blistav sjaj zahvaljuju\u0107i sastojcima biljnog porijekla u svojoj formuli (21 % ukupne koli\u010dine povr\u0161inski aktivnih tvari koje su podlo\u017ene preradi). <\/p>\n<p>Savr\u0161en je za tvrdokorne, masne mrlje na nehr\u0111aju\u0107em \u010deliku, kerami\u010dke ili staklene povr\u0161ine \u0161tednjaka, \u010di\u0161\u0107enje naslaga prljav\u0161tine iz sudopera i brisanje radnih povr\u0161ina. <\/p>\n","protected":false},"excerpt":{"rendered":"<p>Uklanja prljav\u0161tinu, zagorenu masno\u0107u i naslage<br \/>\nSa sastojcima biljnog porijekla<br \/>\nFormula s kojom ne treba ribati povr\u0161ine<\/p>\n","protected":false},"featured_media":32428,"template":"","meta":{"_seopress_robots_primary_cat":"","_seopress_titles_title":"","_seopress_titles_desc":"","_seopress_robots_index":"","iawp_total_views":0},"product_brand":[521],"product_cat":[284,238],"product_tag":[],"class_list":{"0":"post-32427","1":"product","2":"type-product","3":"status-publish","4":"has-post-thumbnail","6":"product_brand-mr-proper","7":"product_cat-sredstva-za-ciscenje-238","8":"product_cat-sve-za-dom","10":"first","11":"instock","12":"shipping-taxable","13":"purchasable","14":"product-type-simple"},"_links":{"self":[{"href":"https:\/\/singuli.wpress.me\/index.php\/wp-json\/wp\/v2\/product\/32427","targetHints":{"allow":["GET"]}}],"collection":[{"href":"https:\/\/singuli.wpress.me\/index.php\/wp-json\/wp\/v2\/product"}],"about":[{"href":"https:\/\/singuli.wpress.me\/index.php\/wp-json\/wp\/v2\/types\/product"}],"version-history":[{"count":0,"href":"https:\/\/singuli.wpress.me\/index.php\/wp-json\/wp\/v2\/product\/32427\/revisions"}],"wp:featuredmedia":[{"embeddable":true,"href":"https:\/\/singuli.wpress.me\/index.php\/wp-json\/wp\/v2\/media\/32428"}],"wp:attachment":[{"href":"https:\/\/singuli.wpress.me\/index.php\/wp-json\/wp\/v2\/media?parent=32427"}],"wp:term":[{"taxonomy":"product_brand","embeddable":true,"href":"https:\/\/singuli.wpress.me\/index.php\/wp-json\/wp\/v2\/product_brand?post=32427"},{"taxonomy":"product_cat","embeddable":true,"href":"https:\/\/singuli.wpress.me\/index.php\/wp-json\/wp\/v2\/product_cat?post=32427"},{"taxonomy":"product_tag","embeddable":true,"href":"https:\/\/singuli.wpress.me\/index.php\/wp-json\/wp\/v2\/product_tag?post=32427"}],"curies":[{"name":"wp","href":"https:\/\/api.w.org\/{rel}","templated":true}]}}