{"id":32431,"date":"2026-04-17T00:42:12","date_gmt":"2026-04-17T00:42:12","guid":{"rendered":"https:\/\/singuli.wpress.me\/index.php\/proizvod\/braun-cleanrenew-patrone-za-ciscenje-4-kom\/"},"modified":"2026-04-20T12:33:08","modified_gmt":"2026-04-20T12:33:08","slug":"braun-cleanrenew-patrone-za-ciscenje-4-kom","status":"publish","type":"product","link":"https:\/\/singuli.wpress.me\/index.php\/proizvod\/braun-cleanrenew-patrone-za-ciscenje-4-kom\/","title":{"rendered":"BRAUN Clean&amp;Renew, patrone za \u010di\u0161\u0107enje, 4\u00a0kom"},"content":{"rendered":"<p>Pojedini modeli brija\u0107ih aparata marke Braun dolaze s jedinicom Clean&amp;Charge.<\/p>\n<p>Jednim pritiskom na prekida\u010d va\u0161 se brija\u0107i aparat higijenski \u010disti, puni i podmazuje.<\/p>\n<p>Maksimalno prakti\u010dno.<\/p>\n<p>Braun je jedina marka koja u svojoj jedinici Clean&amp;Charge koristi teku\u0107inu za \u010di\u0161\u0107enje na bazi alkohola, koja \u010disti va\u0161 brija\u0107i aparat 10x higijenskije od ispiranja pod teku\u0107om vodom.<\/p>\n<p>U pakiranju se nalaze 4 patrone Braun CCR teku\u0107ine.<\/p>\n","protected":false},"excerpt":{"rendered":"<p>Neka va\u0161 aparat za brijanje svaki dan izgleda kao nov.<br \/>\nPrikladno za sve Braun stanice za \u010di\u0161\u0107enje<br \/>\nEAN diskontinuiranog proizvoda: 4210201205555<\/p>\n","protected":false},"featured_media":32433,"template":"","meta":{"_seopress_robots_primary_cat":"","_seopress_titles_title":"","_seopress_titles_desc":"","_seopress_robots_index":"","iawp_total_views":0},"product_brand":[144],"product_cat":[280,192,279],"product_tag":[],"class_list":{"0":"post-32431","1":"product","2":"type-product","3":"status-publish","4":"has-post-thumbnail","6":"product_brand-braun","7":"product_cat-aparati-za-muskarce-279","8":"product_cat-aparati-za-osobnu-njegu","9":"product_cat-brijanje-i-sisanje-192","11":"first","12":"instock","13":"shipping-taxable","14":"purchasable","15":"product-type-simple"},"_links":{"self":[{"href":"https:\/\/singuli.wpress.me\/index.php\/wp-json\/wp\/v2\/product\/32431","targetHints":{"allow":["GET"]}}],"collection":[{"href":"https:\/\/singuli.wpress.me\/index.php\/wp-json\/wp\/v2\/product"}],"about":[{"href":"https:\/\/singuli.wpress.me\/index.php\/wp-json\/wp\/v2\/types\/product"}],"version-history":[{"count":0,"href":"https:\/\/singuli.wpress.me\/index.php\/wp-json\/wp\/v2\/product\/32431\/revisions"}],"wp:featuredmedia":[{"embeddable":true,"href":"https:\/\/singuli.wpress.me\/index.php\/wp-json\/wp\/v2\/media\/32433"}],"wp:attachment":[{"href":"https:\/\/singuli.wpress.me\/index.php\/wp-json\/wp\/v2\/media?parent=32431"}],"wp:term":[{"taxonomy":"product_brand","embeddable":true,"href":"https:\/\/singuli.wpress.me\/index.php\/wp-json\/wp\/v2\/product_brand?post=32431"},{"taxonomy":"product_cat","embeddable":true,"href":"https:\/\/singuli.wpress.me\/index.php\/wp-json\/wp\/v2\/product_cat?post=32431"},{"taxonomy":"product_tag","embeddable":true,"href":"https:\/\/singuli.wpress.me\/index.php\/wp-json\/wp\/v2\/product_tag?post=32431"}],"curies":[{"name":"wp","href":"https:\/\/api.w.org\/{rel}","templated":true}]}}