{"id":32442,"date":"2026-04-17T00:42:20","date_gmt":"2026-04-17T00:42:20","guid":{"rendered":"https:\/\/singuli.wpress.me\/index.php\/proizvod\/barbie-igracka-mini-svijet-vozila\/"},"modified":"2026-04-20T12:33:08","modified_gmt":"2026-04-20T12:33:08","slug":"barbie-igracka-mini-svijet-vozila","status":"publish","type":"product","link":"https:\/\/singuli.wpress.me\/index.php\/proizvod\/barbie-igracka-mini-svijet-vozila\/","title":{"rendered":"BARBIE, igra\u010dka, Mini Svijet vozila"},"content":{"rendered":"<p>Dizajnirana s iznena\u0111enjima i prepoznatljivim stilom dolaze nam vozila iz Mini Barbie svijeta! U asortimanu je 5 vrsta Barbie mini vozila: avion, kamper, brod, kabriolet i jeep. Smanjena replika kultnog Barbie kampera iz snova ima pokretna vrata i bazen koji mijenja boju \u2013 samo koristite toplu i hladnu vodu i bazen prelazi iz plave u ljubi\u010dastu i natrag.  Smanjena replika Barbie aviona ima vrata koja se otvaraju kako bi se otkrila unutra\u0161njost s prostorom za putnike i promjena boje. Mali slatki Barbie brodi\u0107 ima odvojivi tobogan i bazen. Tu je i vje\u010dni Barbie ru\u017ei\u010dasti kabriolet uz kojeg dolaze i prometni znakovi i po\u0161tanski sandu\u010di\u0107. Mini Barbie Jeep uklju\u010duje \u0161ator koji odgovara Barbie mini lutki, a savr\u0161en je za no\u0107enje. Djeca mogu jednostavno koristiti toplu i hladnu vodu kako bi promijenila boju vozila &#8211; uvijek iznova. Lutkica od 3.8 cm ima raznolik izgled i savija se u struku kako bi sjedila i glumila glavnu ulogu. Prilo\u017eena baza u obliku srca odgovara kompletima za igru Barbie mini svijet (svaki se prodaje pojedina\u010dno). Mali obo\u017eavatelji mogu ih sakupiti sve kako bi izgradili vlastite mini Barbie svjetove i uzbudljive avanture za igru \u200b\u200bili izlaganje. Igra\u010dka dolazi u vi\u0161e razli\u010ditih modela, a isporuka ovisi o njihovoj trenutnoj raspolo\u017eivosti. <\/p>\n","protected":false},"excerpt":{"rendered":"<p>U asortimanu je 5 vrsta Barbie mini vozila: avion, kamper, brod, kabriolet i jeep<br \/>\nMogu\u0107nost promjene boje s toplom i hladnom vodom<br \/>\nDob: 3+ god<\/p>\n","protected":false},"featured_media":32443,"template":"","meta":{"_seopress_robots_primary_cat":"","_seopress_titles_title":"","_seopress_titles_desc":"","_seopress_robots_index":"","iawp_total_views":0},"product_brand":[324],"product_cat":[274,238],"product_tag":[],"class_list":{"0":"post-32442","1":"product","2":"type-product","3":"status-publish","4":"has-post-thumbnail","6":"product_brand-barbie","7":"product_cat-kucanski-pribor-238","8":"product_cat-sve-za-dom","10":"first","11":"outofstock","12":"shipping-taxable","13":"purchasable","14":"product-type-simple"},"_links":{"self":[{"href":"https:\/\/singuli.wpress.me\/index.php\/wp-json\/wp\/v2\/product\/32442","targetHints":{"allow":["GET"]}}],"collection":[{"href":"https:\/\/singuli.wpress.me\/index.php\/wp-json\/wp\/v2\/product"}],"about":[{"href":"https:\/\/singuli.wpress.me\/index.php\/wp-json\/wp\/v2\/types\/product"}],"version-history":[{"count":0,"href":"https:\/\/singuli.wpress.me\/index.php\/wp-json\/wp\/v2\/product\/32442\/revisions"}],"wp:featuredmedia":[{"embeddable":true,"href":"https:\/\/singuli.wpress.me\/index.php\/wp-json\/wp\/v2\/media\/32443"}],"wp:attachment":[{"href":"https:\/\/singuli.wpress.me\/index.php\/wp-json\/wp\/v2\/media?parent=32442"}],"wp:term":[{"taxonomy":"product_brand","embeddable":true,"href":"https:\/\/singuli.wpress.me\/index.php\/wp-json\/wp\/v2\/product_brand?post=32442"},{"taxonomy":"product_cat","embeddable":true,"href":"https:\/\/singuli.wpress.me\/index.php\/wp-json\/wp\/v2\/product_cat?post=32442"},{"taxonomy":"product_tag","embeddable":true,"href":"https:\/\/singuli.wpress.me\/index.php\/wp-json\/wp\/v2\/product_tag?post=32442"}],"curies":[{"name":"wp","href":"https:\/\/api.w.org\/{rel}","templated":true}]}}