{"id":32448,"date":"2026-04-17T00:42:25","date_gmt":"2026-04-17T00:42:25","guid":{"rendered":"https:\/\/singuli.wpress.me\/index.php\/proizvod\/fisher-price-drvo-auto-s-aktivnostima\/"},"modified":"2026-04-20T12:33:08","modified_gmt":"2026-04-20T12:33:08","slug":"fisher-price-drvo-auto-s-aktivnostima","status":"publish","type":"product","link":"https:\/\/singuli.wpress.me\/index.php\/proizvod\/fisher-price-drvo-auto-s-aktivnostima\/","title":{"rendered":"FISHER PRICE, drvo auto s aktivnostima"},"content":{"rendered":"<p>Fisher-Price auto i drvo s aktivnostima idealni su za zaokupljanje djetetove pa\u017enje, kao i zagarantiranu zabavu! Igra\u010dke su prepune ljupkih \u017eivotinjskih prijatelja poput lavi\u0107a, \u017eirafe, majmuna, zebre, p\u010delica i raznih ptica. Sastoje se od prakti\u010dnih aktivnosti putem kojih dijete mo\u017ee razvijati svoje sposobnosti i u\u017eivati u igri. Tako\u0111er, dijete \u0107e nai\u0107i na zabavne zvukove koji \u0107e unijeti veselje i radost u vrijeme igranja. Igra\u010dka dolazi u vi\u0161e razli\u010ditih modela, a isporuka ovisi o njihovoj trenutnoj raspolo\u017eivosti. <\/p>\n","protected":false},"excerpt":{"rendered":"<p>Idealni su za zaokupljanje djetetove pa\u017enje, kao i zagarantiranu zabavu<br \/>\nRazli\u010dite aktivnosti s zabavnim zvukovima<br \/>\nDob: 1+ god<\/p>\n","protected":false},"featured_media":32450,"template":"","meta":{"_seopress_robots_primary_cat":"","_seopress_titles_title":"","_seopress_titles_desc":"","_seopress_robots_index":"","iawp_total_views":0},"product_brand":[458],"product_cat":[221,291],"product_tag":[],"class_list":{"0":"post-32448","1":"product","2":"type-product","3":"status-publish","4":"has-post-thumbnail","6":"product_brand-fisher-price","7":"product_cat-igracke","8":"product_cat-igracke-za-djecu-221","10":"first","11":"instock","12":"shipping-taxable","13":"purchasable","14":"product-type-simple"},"_links":{"self":[{"href":"https:\/\/singuli.wpress.me\/index.php\/wp-json\/wp\/v2\/product\/32448","targetHints":{"allow":["GET"]}}],"collection":[{"href":"https:\/\/singuli.wpress.me\/index.php\/wp-json\/wp\/v2\/product"}],"about":[{"href":"https:\/\/singuli.wpress.me\/index.php\/wp-json\/wp\/v2\/types\/product"}],"version-history":[{"count":0,"href":"https:\/\/singuli.wpress.me\/index.php\/wp-json\/wp\/v2\/product\/32448\/revisions"}],"wp:featuredmedia":[{"embeddable":true,"href":"https:\/\/singuli.wpress.me\/index.php\/wp-json\/wp\/v2\/media\/32450"}],"wp:attachment":[{"href":"https:\/\/singuli.wpress.me\/index.php\/wp-json\/wp\/v2\/media?parent=32448"}],"wp:term":[{"taxonomy":"product_brand","embeddable":true,"href":"https:\/\/singuli.wpress.me\/index.php\/wp-json\/wp\/v2\/product_brand?post=32448"},{"taxonomy":"product_cat","embeddable":true,"href":"https:\/\/singuli.wpress.me\/index.php\/wp-json\/wp\/v2\/product_cat?post=32448"},{"taxonomy":"product_tag","embeddable":true,"href":"https:\/\/singuli.wpress.me\/index.php\/wp-json\/wp\/v2\/product_tag?post=32448"}],"curies":[{"name":"wp","href":"https:\/\/api.w.org\/{rel}","templated":true}]}}