{"id":32451,"date":"2026-04-17T00:42:26","date_gmt":"2026-04-17T00:42:26","guid":{"rendered":"https:\/\/singuli.wpress.me\/index.php\/proizvod\/disney-frozen-lutka-anna-koja-pijeva\/"},"modified":"2026-04-20T12:33:08","modified_gmt":"2026-04-20T12:33:08","slug":"disney-frozen-lutka-anna-koja-pijeva","status":"publish","type":"product","link":"https:\/\/singuli.wpress.me\/index.php\/proizvod\/disney-frozen-lutka-anna-koja-pijeva\/","title":{"rendered":"DISNEY Frozen, lutka, Anna koja pijeva"},"content":{"rendered":"<p>Inspirirana omiljenim likom iz Disneyjevog filma Snje\u017eno kraljevstvo, ova <span style=\"font-weight: bold\">lutka Anna<\/span> spremna je zapjevati svoju prepoznatljivu pjesmu! Djeca \u0107e u\u017eivati pjevaju\u0107i zajedno s Annom dok izvodi For the First Time in Forever. U svom prepoznatljivom ogrlicom i haljini inspiriranoj dvorcem, Anna zapjeva pritiskom na gumb. Obo\u017eavatelji mogu ponovno pro\u017eivjeti omiljene glazbene trenutke ili smi\u0161ljati nove pustolovine. Lutka ne mo\u017ee samostalno stajati. Boje i ukrasi mogu se razlikovati.<\/p>\n","protected":false},"excerpt":{"rendered":"<p>Pjeva na engleskom<br \/>\nIdealna za obo\u017eavatelje<br \/>\nDob: 3+ god<\/p>\n","protected":false},"featured_media":32453,"template":"","meta":{"_seopress_robots_primary_cat":"","_seopress_titles_title":"","_seopress_titles_desc":"","_seopress_robots_index":"","iawp_total_views":0},"product_brand":[522],"product_cat":[221,291],"product_tag":[],"class_list":{"0":"post-32451","1":"product","2":"type-product","3":"status-publish","4":"has-post-thumbnail","6":"product_brand-disney","7":"product_cat-igracke","8":"product_cat-igracke-za-djecu-221","10":"first","11":"instock","12":"shipping-taxable","13":"purchasable","14":"product-type-simple"},"_links":{"self":[{"href":"https:\/\/singuli.wpress.me\/index.php\/wp-json\/wp\/v2\/product\/32451","targetHints":{"allow":["GET"]}}],"collection":[{"href":"https:\/\/singuli.wpress.me\/index.php\/wp-json\/wp\/v2\/product"}],"about":[{"href":"https:\/\/singuli.wpress.me\/index.php\/wp-json\/wp\/v2\/types\/product"}],"version-history":[{"count":0,"href":"https:\/\/singuli.wpress.me\/index.php\/wp-json\/wp\/v2\/product\/32451\/revisions"}],"wp:featuredmedia":[{"embeddable":true,"href":"https:\/\/singuli.wpress.me\/index.php\/wp-json\/wp\/v2\/media\/32453"}],"wp:attachment":[{"href":"https:\/\/singuli.wpress.me\/index.php\/wp-json\/wp\/v2\/media?parent=32451"}],"wp:term":[{"taxonomy":"product_brand","embeddable":true,"href":"https:\/\/singuli.wpress.me\/index.php\/wp-json\/wp\/v2\/product_brand?post=32451"},{"taxonomy":"product_cat","embeddable":true,"href":"https:\/\/singuli.wpress.me\/index.php\/wp-json\/wp\/v2\/product_cat?post=32451"},{"taxonomy":"product_tag","embeddable":true,"href":"https:\/\/singuli.wpress.me\/index.php\/wp-json\/wp\/v2\/product_tag?post=32451"}],"curies":[{"name":"wp","href":"https:\/\/api.w.org\/{rel}","templated":true}]}}