{"id":32463,"date":"2026-04-17T00:42:33","date_gmt":"2026-04-17T00:42:33","guid":{"rendered":"https:\/\/singuli.wpress.me\/index.php\/proizvod\/union-radler-pivo-grapefruit-0-5-l\/"},"modified":"2026-04-20T12:33:08","modified_gmt":"2026-04-20T12:33:08","slug":"union-radler-pivo-grapefruit-0-5-l","status":"publish","type":"product","link":"https:\/\/singuli.wpress.me\/index.php\/proizvod\/union-radler-pivo-grapefruit-0-5-l\/","title":{"rendered":"UNION Radler, pivo, Grapefruit, 0.5\u00a0l"},"content":{"rendered":"<p>Union Radler Grapefruit je osvje\u017eavaju\u0107e pi\u0107e koje spaja najbolje od piva i prirodnog soka od grejpa. Ovaj radler pru\u017ea savr\u0161en balans izme\u0111u laganog piva i svje\u017eine citrusnog okusa, \u010dine\u0107i ga idealnim izborom za tople ljetne dane. S niskim udjelom alkohola, Union Radler Grapefruit je lagan i lako pijan, savr\u0161en za one trenutke kada \u017eelite u\u017eivati u osvje\u017eenju bez te\u017eine klasi\u010dnog piva. Njegova blaga gor\u010dina i osvje\u017eavaju\u0107a vo\u0107na aroma u\u010dinit \u0107e svaku priliku posebnim u\u017eitkom.<\/p>\n","protected":false},"excerpt":{"rendered":"<p>Savr\u0161en balans izme\u0111u laganog piva i svje\u017eine citrusnog okusa<br \/>\nIdealni izbor za tople ljetne dane<br \/>\nAlk: 2,0% vol.<\/p>\n","protected":false},"featured_media":32464,"template":"","meta":{"_seopress_robots_primary_cat":"","_seopress_titles_title":"","_seopress_titles_desc":"","_seopress_robots_index":"","iawp_total_views":0},"product_brand":[525],"product_cat":[298,261],"product_tag":[],"class_list":{"0":"post-32463","1":"product","2":"type-product","3":"status-publish","4":"has-post-thumbnail","6":"product_brand-union","7":"product_cat-alkoholna-pica-261","8":"product_cat-hrana-i-pice","10":"first","11":"outofstock","12":"shipping-taxable","13":"purchasable","14":"product-type-simple"},"_links":{"self":[{"href":"https:\/\/singuli.wpress.me\/index.php\/wp-json\/wp\/v2\/product\/32463","targetHints":{"allow":["GET"]}}],"collection":[{"href":"https:\/\/singuli.wpress.me\/index.php\/wp-json\/wp\/v2\/product"}],"about":[{"href":"https:\/\/singuli.wpress.me\/index.php\/wp-json\/wp\/v2\/types\/product"}],"version-history":[{"count":0,"href":"https:\/\/singuli.wpress.me\/index.php\/wp-json\/wp\/v2\/product\/32463\/revisions"}],"wp:featuredmedia":[{"embeddable":true,"href":"https:\/\/singuli.wpress.me\/index.php\/wp-json\/wp\/v2\/media\/32464"}],"wp:attachment":[{"href":"https:\/\/singuli.wpress.me\/index.php\/wp-json\/wp\/v2\/media?parent=32463"}],"wp:term":[{"taxonomy":"product_brand","embeddable":true,"href":"https:\/\/singuli.wpress.me\/index.php\/wp-json\/wp\/v2\/product_brand?post=32463"},{"taxonomy":"product_cat","embeddable":true,"href":"https:\/\/singuli.wpress.me\/index.php\/wp-json\/wp\/v2\/product_cat?post=32463"},{"taxonomy":"product_tag","embeddable":true,"href":"https:\/\/singuli.wpress.me\/index.php\/wp-json\/wp\/v2\/product_tag?post=32463"}],"curies":[{"name":"wp","href":"https:\/\/api.w.org\/{rel}","templated":true}]}}