{"id":32469,"date":"2026-04-17T00:42:39","date_gmt":"2026-04-17T00:42:39","guid":{"rendered":"https:\/\/singuli.wpress.me\/index.php\/proizvod\/karlovacko-pivo-4x6pack-0-33-l\/"},"modified":"2026-04-20T12:33:08","modified_gmt":"2026-04-20T12:33:08","slug":"karlovacko-pivo-4x6pack-0-33-l","status":"publish","type":"product","link":"https:\/\/singuli.wpress.me\/index.php\/proizvod\/karlovacko-pivo-4x6pack-0-33-l\/","title":{"rendered":"KARLOVA\u010cKO, pivo, 4x6pack, 0.33\u00a0l"},"content":{"rendered":"<p>Karlova\u010dko pivo, poznato po svojoj dugogodi\u0161njoj tradiciji i vrhunskoj kvaliteti, dolazi u prakti\u010dnom pakiranju od \u0161est limenki po 0,33 litre. Osvje\u017eavaju\u0107i okus ovog svijetlog lagera, s blagom gor\u010dinom i bogatom pjenom, savr\u0161en je za svaku priliku &#8211; bilo da u\u017eivate u dru\u0161tvu prijatelja ili se opu\u0161tate kod ku\u0107e. Njegov uravnote\u017eeni okus i lagana nota hmelja \u010dine ga omiljenim izborom me\u0111u ljubiteljima piva. Pakiranje od \u0161est limenki osigurava da uvijek imate dovoljno zaliha za va\u0161a dru\u017eenja i proslave. U\u017eivajte u vrhunskoj kvaliteti i tradiciji Karlova\u010dkog piva uz prakti\u010dnost i svje\u017einu limenke!<\/p>\n","protected":false},"excerpt":{"rendered":"<p>Svijetlo lager pivo<br \/>\nOsvje\u017eavaju\u0107i okus ovog svijetlog lagera, s blagom gor\u010dinom i bogatom pjenom<br \/>\nAlkohol: 5,0% vol.<\/p>\n","protected":false},"featured_media":32470,"template":"","meta":{"_seopress_robots_primary_cat":"","_seopress_titles_title":"","_seopress_titles_desc":"","_seopress_robots_index":"","iawp_total_views":0},"product_brand":[526],"product_cat":[298,261],"product_tag":[],"class_list":{"0":"post-32469","1":"product","2":"type-product","3":"status-publish","4":"has-post-thumbnail","6":"product_brand-karlovacko","7":"product_cat-alkoholna-pica-261","8":"product_cat-hrana-i-pice","10":"first","11":"instock","12":"shipping-taxable","13":"purchasable","14":"product-type-simple"},"_links":{"self":[{"href":"https:\/\/singuli.wpress.me\/index.php\/wp-json\/wp\/v2\/product\/32469","targetHints":{"allow":["GET"]}}],"collection":[{"href":"https:\/\/singuli.wpress.me\/index.php\/wp-json\/wp\/v2\/product"}],"about":[{"href":"https:\/\/singuli.wpress.me\/index.php\/wp-json\/wp\/v2\/types\/product"}],"version-history":[{"count":0,"href":"https:\/\/singuli.wpress.me\/index.php\/wp-json\/wp\/v2\/product\/32469\/revisions"}],"wp:featuredmedia":[{"embeddable":true,"href":"https:\/\/singuli.wpress.me\/index.php\/wp-json\/wp\/v2\/media\/32470"}],"wp:attachment":[{"href":"https:\/\/singuli.wpress.me\/index.php\/wp-json\/wp\/v2\/media?parent=32469"}],"wp:term":[{"taxonomy":"product_brand","embeddable":true,"href":"https:\/\/singuli.wpress.me\/index.php\/wp-json\/wp\/v2\/product_brand?post=32469"},{"taxonomy":"product_cat","embeddable":true,"href":"https:\/\/singuli.wpress.me\/index.php\/wp-json\/wp\/v2\/product_cat?post=32469"},{"taxonomy":"product_tag","embeddable":true,"href":"https:\/\/singuli.wpress.me\/index.php\/wp-json\/wp\/v2\/product_tag?post=32469"}],"curies":[{"name":"wp","href":"https:\/\/api.w.org\/{rel}","templated":true}]}}