{"id":32479,"date":"2026-04-17T00:42:45","date_gmt":"2026-04-17T00:42:45","guid":{"rendered":"https:\/\/singuli.wpress.me\/index.php\/proizvod\/illy-intenso-kapsule-10-kom\/"},"modified":"2026-04-21T00:26:38","modified_gmt":"2026-04-21T00:26:38","slug":"illy-intenso-kapsule-10-kom","status":"publish","type":"product","link":"https:\/\/singuli.wpress.me\/index.php\/proizvod\/illy-intenso-kapsule-10-kom\/","title":{"rendered":"ILLY Intenso, kapsule, 10\u00a0kom"},"content":{"rendered":"<p><span style=\"font-weight: bold\">ILLY kapsule Intenso<\/span> pru\u017eaju intenzivno iskustvo espressa s dubokim, punim okusom i sna\u017enom aromom. Ove kapsule sadr\u017ee 100% arabicu, ali s ja\u010dim profilom pr\u017eenja, \u0161to rezultira bogatim notama kakaa i pr\u017eenih badema, uz blagu gor\u010dinu koja dodaje slo\u017eenost okusu. Pakiranje od 10 kapsula savr\u0161eno je za ljubitelje kave koji preferiraju sna\u017eniji espresso s dubljim aromama. Kompatibilne su s ILLY aparatima za kavu te nude vrhunski do\u017eivljaj intenzivne talijanske kave u svakom gutljaju.<\/p>\n","protected":false},"excerpt":{"rendered":"<p>Intenzivno pr\u017eenje kave<br \/>\n100% Srabica<br \/>\nIntenzitet 7\/9<\/p>\n","protected":false},"featured_media":32480,"template":"","meta":{"_seopress_robots_primary_cat":"","_seopress_titles_title":"","_seopress_titles_desc":"","_seopress_robots_index":"","iawp_total_views":0},"product_brand":[527],"product_cat":[211,289],"product_tag":[],"class_list":{"0":"post-32479","1":"product","2":"type-product","3":"status-publish","4":"has-post-thumbnail","6":"product_brand-illy","7":"product_cat-njega-majke-i-djeteta","8":"product_cat-trudnoca-i-vitamini-211","10":"first","11":"outofstock","12":"shipping-taxable","13":"purchasable","14":"product-type-simple"},"_links":{"self":[{"href":"https:\/\/singuli.wpress.me\/index.php\/wp-json\/wp\/v2\/product\/32479","targetHints":{"allow":["GET"]}}],"collection":[{"href":"https:\/\/singuli.wpress.me\/index.php\/wp-json\/wp\/v2\/product"}],"about":[{"href":"https:\/\/singuli.wpress.me\/index.php\/wp-json\/wp\/v2\/types\/product"}],"version-history":[{"count":0,"href":"https:\/\/singuli.wpress.me\/index.php\/wp-json\/wp\/v2\/product\/32479\/revisions"}],"wp:featuredmedia":[{"embeddable":true,"href":"https:\/\/singuli.wpress.me\/index.php\/wp-json\/wp\/v2\/media\/32480"}],"wp:attachment":[{"href":"https:\/\/singuli.wpress.me\/index.php\/wp-json\/wp\/v2\/media?parent=32479"}],"wp:term":[{"taxonomy":"product_brand","embeddable":true,"href":"https:\/\/singuli.wpress.me\/index.php\/wp-json\/wp\/v2\/product_brand?post=32479"},{"taxonomy":"product_cat","embeddable":true,"href":"https:\/\/singuli.wpress.me\/index.php\/wp-json\/wp\/v2\/product_cat?post=32479"},{"taxonomy":"product_tag","embeddable":true,"href":"https:\/\/singuli.wpress.me\/index.php\/wp-json\/wp\/v2\/product_tag?post=32479"}],"curies":[{"name":"wp","href":"https:\/\/api.w.org\/{rel}","templated":true}]}}