{"id":32483,"date":"2026-04-17T00:42:49","date_gmt":"2026-04-17T00:42:49","guid":{"rendered":"https:\/\/singuli.wpress.me\/index.php\/proizvod\/universal-gabbys-dollhouse-mackolacic-plisana-igracka-30-cm\/"},"modified":"2026-04-20T12:33:08","modified_gmt":"2026-04-20T12:33:08","slug":"universal-gabbys-dollhouse-mackolacic-plisana-igracka-30-cm","status":"publish","type":"product","link":"https:\/\/singuli.wpress.me\/index.php\/proizvod\/universal-gabbys-dollhouse-mackolacic-plisana-igracka-30-cm\/","title":{"rendered":"UNIVERSAL Gabby&#8217;s Dollhouse Ma\u010dkola\u010di\u0107, pli\u0161ana igra\u010dka, 30 cm"},"content":{"rendered":"<p>\n    Ma\u010dkola\u010di\u0107 pli\u0161ana igra\u010dka (30 cm) \u2013 Gabina ku\u0107a lutaka<\/p>\n<p>\n    Slatke mace, osebujne vje\u0161tine i \u010darolije \u010dekaju! Pridru\u017eite se ljubiteljici maca Gabi i njezinim prijateljima.<\/p>\n<p>\n    Upoznajte Ma\u010dkola\u010di\u0107a \u2013 neodoljivog prijatelja koji je pola maca, pola kola\u010di\u0107! Ovaj pli\u0161anac je odli\u010dan odabir za sve ljubitelje Gabine ku\u0107e lutaka (Gabby&#8217;s Dollhouse).<\/p>\n<p>\n    Napravljen je od mekanog i neodoljivog pli\u0161a te je veli\u010dine 30 cm, \u0161to ga \u010dini savr\u0161enim za ma\u017eenje i igru. Prikladan je za djecu od najranije dobi.<\/p>\n","protected":false},"excerpt":{"rendered":"<p>Ma\u010dkola\u010di\u0107 (pola maca, pola kola\u010di\u0107) iz serije Gabina ku\u0107a lutaka<br \/>\nVeli\u010dina: 30 cm, idealno za grljenje<br \/>\nKvaliteta i dob: Izra\u0111en od mekanog i neodoljivog pli\u0161a, prikladan za dob 0+<\/p>\n","protected":false},"featured_media":32484,"template":"","meta":{"_seopress_robots_primary_cat":"","_seopress_titles_title":"","_seopress_titles_desc":"","_seopress_robots_index":"","iawp_total_views":0},"product_brand":[528],"product_cat":[221,291],"product_tag":[],"class_list":{"0":"post-32483","1":"product","2":"type-product","3":"status-publish","4":"has-post-thumbnail","6":"product_brand-universal","7":"product_cat-igracke","8":"product_cat-igracke-za-djecu-221","10":"first","11":"instock","12":"shipping-taxable","13":"purchasable","14":"product-type-simple"},"_links":{"self":[{"href":"https:\/\/singuli.wpress.me\/index.php\/wp-json\/wp\/v2\/product\/32483","targetHints":{"allow":["GET"]}}],"collection":[{"href":"https:\/\/singuli.wpress.me\/index.php\/wp-json\/wp\/v2\/product"}],"about":[{"href":"https:\/\/singuli.wpress.me\/index.php\/wp-json\/wp\/v2\/types\/product"}],"version-history":[{"count":0,"href":"https:\/\/singuli.wpress.me\/index.php\/wp-json\/wp\/v2\/product\/32483\/revisions"}],"wp:featuredmedia":[{"embeddable":true,"href":"https:\/\/singuli.wpress.me\/index.php\/wp-json\/wp\/v2\/media\/32484"}],"wp:attachment":[{"href":"https:\/\/singuli.wpress.me\/index.php\/wp-json\/wp\/v2\/media?parent=32483"}],"wp:term":[{"taxonomy":"product_brand","embeddable":true,"href":"https:\/\/singuli.wpress.me\/index.php\/wp-json\/wp\/v2\/product_brand?post=32483"},{"taxonomy":"product_cat","embeddable":true,"href":"https:\/\/singuli.wpress.me\/index.php\/wp-json\/wp\/v2\/product_cat?post=32483"},{"taxonomy":"product_tag","embeddable":true,"href":"https:\/\/singuli.wpress.me\/index.php\/wp-json\/wp\/v2\/product_tag?post=32483"}],"curies":[{"name":"wp","href":"https:\/\/api.w.org\/{rel}","templated":true}]}}