{"id":32498,"date":"2026-04-17T00:42:54","date_gmt":"2026-04-17T00:42:54","guid":{"rendered":"https:\/\/singuli.wpress.me\/index.php\/proizvod\/disney-flopsie-minnie-plisana-igracka\/"},"modified":"2026-04-21T00:26:38","modified_gmt":"2026-04-21T00:26:38","slug":"disney-flopsie-minnie-plisana-igracka","status":"publish","type":"product","link":"https:\/\/singuli.wpress.me\/index.php\/proizvod\/disney-flopsie-minnie-plisana-igracka\/","title":{"rendered":"DISNEY Flopsie Minnie, pli\u0161ana igra\u010dka"},"content":{"rendered":"<p>\n    Disney pli\u0161ana igra\u010dka Minnie Flopsie (26 cm)<\/p>\n<p>\n    Preslatki novi mekani Disney prijatelji Flopsies neodoljivi su za sve generacije!<\/p>\n<p>\n    Ova Minnie Flopsie pli\u0161ana igra\u010dka veli\u010dine 26 cm izra\u0111ena je od najkvalitetnijih materijala i savr\u0161ena je za ma\u017eenje. Zbog svojih materijala i dizajna, prikladna je za mali\u0161ane od najranije dobi.<\/p>\n","protected":false},"excerpt":{"rendered":"<p>Mekani i preslatki Minnie Flopsie pli\u0161anac<br \/>\nIzra\u0111en od najkvalitetnijih materijala<br \/>\nVeli\u010dina 26 cm i namijenjen za dob 0+<\/p>\n","protected":false},"featured_media":32500,"template":"","meta":{"_seopress_robots_primary_cat":"","_seopress_titles_title":"","_seopress_titles_desc":"","_seopress_robots_index":"","iawp_total_views":0},"product_brand":[522],"product_cat":[221,291],"product_tag":[],"class_list":{"0":"post-32498","1":"product","2":"type-product","3":"status-publish","4":"has-post-thumbnail","6":"product_brand-disney","7":"product_cat-igracke","8":"product_cat-igracke-za-djecu-221","10":"first","11":"instock","12":"shipping-taxable","13":"purchasable","14":"product-type-simple"},"_links":{"self":[{"href":"https:\/\/singuli.wpress.me\/index.php\/wp-json\/wp\/v2\/product\/32498","targetHints":{"allow":["GET"]}}],"collection":[{"href":"https:\/\/singuli.wpress.me\/index.php\/wp-json\/wp\/v2\/product"}],"about":[{"href":"https:\/\/singuli.wpress.me\/index.php\/wp-json\/wp\/v2\/types\/product"}],"version-history":[{"count":0,"href":"https:\/\/singuli.wpress.me\/index.php\/wp-json\/wp\/v2\/product\/32498\/revisions"}],"wp:featuredmedia":[{"embeddable":true,"href":"https:\/\/singuli.wpress.me\/index.php\/wp-json\/wp\/v2\/media\/32500"}],"wp:attachment":[{"href":"https:\/\/singuli.wpress.me\/index.php\/wp-json\/wp\/v2\/media?parent=32498"}],"wp:term":[{"taxonomy":"product_brand","embeddable":true,"href":"https:\/\/singuli.wpress.me\/index.php\/wp-json\/wp\/v2\/product_brand?post=32498"},{"taxonomy":"product_cat","embeddable":true,"href":"https:\/\/singuli.wpress.me\/index.php\/wp-json\/wp\/v2\/product_cat?post=32498"},{"taxonomy":"product_tag","embeddable":true,"href":"https:\/\/singuli.wpress.me\/index.php\/wp-json\/wp\/v2\/product_tag?post=32498"}],"curies":[{"name":"wp","href":"https:\/\/api.w.org\/{rel}","templated":true}]}}