{"id":32508,"date":"2026-04-17T00:42:57","date_gmt":"2026-04-17T00:42:57","guid":{"rendered":"https:\/\/singuli.wpress.me\/index.php\/proizvod\/universal-jurassic-world-plisana-igracka-triceratops\/"},"modified":"2026-04-21T00:26:38","modified_gmt":"2026-04-21T00:26:38","slug":"universal-jurassic-world-plisana-igracka-triceratops","status":"publish","type":"product","link":"https:\/\/singuli.wpress.me\/index.php\/proizvod\/universal-jurassic-world-plisana-igracka-triceratops\/","title":{"rendered":"UNIVERSAL Jurassic World, pli\u0161ana igra\u010dka, Triceratops"},"content":{"rendered":"<p>Vratili su se i gladni su! <span style=\"font-weight: bold\">Omiljeni dinosaur Triceratops<\/span> \u010deka samo tvoje zagrljaje i ma\u017eenje! Super mekan i zabavan pli\u0161anac!<\/p>\n","protected":false},"excerpt":{"rendered":"<p>Siguran za najmla\u0111e<br \/>\nVeli\u010dine 30 cm<br \/>\nDob: 0+ god<\/p>\n","protected":false},"featured_media":32510,"template":"","meta":{"_seopress_robots_primary_cat":"","_seopress_titles_title":"","_seopress_titles_desc":"","_seopress_robots_index":"","iawp_total_views":0},"product_brand":[528],"product_cat":[221,291],"product_tag":[],"class_list":{"0":"post-32508","1":"product","2":"type-product","3":"status-publish","4":"has-post-thumbnail","6":"product_brand-universal","7":"product_cat-igracke","8":"product_cat-igracke-za-djecu-221","10":"first","11":"instock","12":"shipping-taxable","13":"purchasable","14":"product-type-simple"},"_links":{"self":[{"href":"https:\/\/singuli.wpress.me\/index.php\/wp-json\/wp\/v2\/product\/32508","targetHints":{"allow":["GET"]}}],"collection":[{"href":"https:\/\/singuli.wpress.me\/index.php\/wp-json\/wp\/v2\/product"}],"about":[{"href":"https:\/\/singuli.wpress.me\/index.php\/wp-json\/wp\/v2\/types\/product"}],"version-history":[{"count":0,"href":"https:\/\/singuli.wpress.me\/index.php\/wp-json\/wp\/v2\/product\/32508\/revisions"}],"wp:featuredmedia":[{"embeddable":true,"href":"https:\/\/singuli.wpress.me\/index.php\/wp-json\/wp\/v2\/media\/32510"}],"wp:attachment":[{"href":"https:\/\/singuli.wpress.me\/index.php\/wp-json\/wp\/v2\/media?parent=32508"}],"wp:term":[{"taxonomy":"product_brand","embeddable":true,"href":"https:\/\/singuli.wpress.me\/index.php\/wp-json\/wp\/v2\/product_brand?post=32508"},{"taxonomy":"product_cat","embeddable":true,"href":"https:\/\/singuli.wpress.me\/index.php\/wp-json\/wp\/v2\/product_cat?post=32508"},{"taxonomy":"product_tag","embeddable":true,"href":"https:\/\/singuli.wpress.me\/index.php\/wp-json\/wp\/v2\/product_tag?post=32508"}],"curies":[{"name":"wp","href":"https:\/\/api.w.org\/{rel}","templated":true}]}}