{"id":32511,"date":"2026-04-17T00:42:58","date_gmt":"2026-04-17T00:42:58","guid":{"rendered":"https:\/\/singuli.wpress.me\/index.php\/proizvod\/disney-angel-solo-plisana-igracka\/"},"modified":"2026-04-20T12:33:09","modified_gmt":"2026-04-20T12:33:09","slug":"disney-angel-solo-plisana-igracka","status":"publish","type":"product","link":"https:\/\/singuli.wpress.me\/index.php\/proizvod\/disney-angel-solo-plisana-igracka\/","title":{"rendered":"DISNEY Angel Solo, pli\u0161ana igra\u010dka"},"content":{"rendered":"<p>\n    Disney pli\u0161ana igra\u010dka Angel (25 cm)<\/p>\n<p>\n    Nova neodoljiva Disney pli\u0161anka Angel savr\u0161en je poklon za sve generacije! Mekana i umiljata, Angel je dobrodo\u0161la u svaku kolekciju Disney pli\u0161anaca. S visinom od 25 cm, idealna je za ma\u017eenje i igru.<\/p>\n","protected":false},"excerpt":{"rendered":"<p>Mekana i umiljata pli\u0161ana igra\u010dka<br \/>\nVisina 25 cm<br \/>\nDobrodo\u0161la u svaku kolekciju Disney pli\u0161anaca i namijenjena svim generacijama<\/p>\n","protected":false},"featured_media":32512,"template":"","meta":{"_seopress_robots_primary_cat":"","_seopress_titles_title":"","_seopress_titles_desc":"","_seopress_robots_index":"","iawp_total_views":0},"product_brand":[522],"product_cat":[221,291],"product_tag":[],"class_list":{"0":"post-32511","1":"product","2":"type-product","3":"status-publish","4":"has-post-thumbnail","6":"product_brand-disney","7":"product_cat-igracke","8":"product_cat-igracke-za-djecu-221","10":"first","11":"instock","12":"shipping-taxable","13":"purchasable","14":"product-type-simple"},"_links":{"self":[{"href":"https:\/\/singuli.wpress.me\/index.php\/wp-json\/wp\/v2\/product\/32511","targetHints":{"allow":["GET"]}}],"collection":[{"href":"https:\/\/singuli.wpress.me\/index.php\/wp-json\/wp\/v2\/product"}],"about":[{"href":"https:\/\/singuli.wpress.me\/index.php\/wp-json\/wp\/v2\/types\/product"}],"version-history":[{"count":0,"href":"https:\/\/singuli.wpress.me\/index.php\/wp-json\/wp\/v2\/product\/32511\/revisions"}],"wp:featuredmedia":[{"embeddable":true,"href":"https:\/\/singuli.wpress.me\/index.php\/wp-json\/wp\/v2\/media\/32512"}],"wp:attachment":[{"href":"https:\/\/singuli.wpress.me\/index.php\/wp-json\/wp\/v2\/media?parent=32511"}],"wp:term":[{"taxonomy":"product_brand","embeddable":true,"href":"https:\/\/singuli.wpress.me\/index.php\/wp-json\/wp\/v2\/product_brand?post=32511"},{"taxonomy":"product_cat","embeddable":true,"href":"https:\/\/singuli.wpress.me\/index.php\/wp-json\/wp\/v2\/product_cat?post=32511"},{"taxonomy":"product_tag","embeddable":true,"href":"https:\/\/singuli.wpress.me\/index.php\/wp-json\/wp\/v2\/product_tag?post=32511"}],"curies":[{"name":"wp","href":"https:\/\/api.w.org\/{rel}","templated":true}]}}