{"id":32516,"date":"2026-04-17T00:42:59","date_gmt":"2026-04-17T00:42:59","guid":{"rendered":"https:\/\/singuli.wpress.me\/index.php\/proizvod\/disney-stitch-stitch-solo-plisana-igracka-25-cm\/"},"modified":"2026-04-21T00:26:38","modified_gmt":"2026-04-21T00:26:38","slug":"disney-stitch-stitch-solo-plisana-igracka-25-cm","status":"publish","type":"product","link":"https:\/\/singuli.wpress.me\/index.php\/proizvod\/disney-stitch-stitch-solo-plisana-igracka-25-cm\/","title":{"rendered":"DISNEY STITCH Stitch Solo, pli\u0161ana igra\u010dka, 25 cm"},"content":{"rendered":"<p>Upoznajte novu verziju omiljenog Disney junaka! Ovaj neodoljivi pli\u0161ani Stitch osvojit \u0107e vas svojom meko\u0107om. Dizajniran da bude iznimno mekan i umiljat, idealan je suputnik za igru ili spavanje, bez obzira na godine. Sa svojom visinom od 25 cm, savr\u0161eno \u0107e se uklopiti u svaku kolekciju Disney pli\u0161anaca i postati novi omiljeni stanar svakog doma.<\/p>\n","protected":false},"excerpt":{"rendered":"<p>Izra\u0111en od nje\u017enih materijala pogodnih za sve generacije<br \/>\nVisina od 25 cm \u010dini ga savr\u0161enim za grljenje i kolekcionarstvo<br \/>\nNezaobilazan dodatak za sve ljubitelje Lilo &amp; Stitch serijala<\/p>\n","protected":false},"featured_media":32518,"template":"","meta":{"_seopress_robots_primary_cat":"","_seopress_titles_title":"","_seopress_titles_desc":"","_seopress_robots_index":"","iawp_total_views":0},"product_brand":[531],"product_cat":[221,291],"product_tag":[],"class_list":{"0":"post-32516","1":"product","2":"type-product","3":"status-publish","4":"has-post-thumbnail","6":"product_brand-disney-stitch","7":"product_cat-igracke","8":"product_cat-igracke-za-djecu-221","10":"first","11":"instock","12":"shipping-taxable","13":"purchasable","14":"product-type-simple"},"_links":{"self":[{"href":"https:\/\/singuli.wpress.me\/index.php\/wp-json\/wp\/v2\/product\/32516","targetHints":{"allow":["GET"]}}],"collection":[{"href":"https:\/\/singuli.wpress.me\/index.php\/wp-json\/wp\/v2\/product"}],"about":[{"href":"https:\/\/singuli.wpress.me\/index.php\/wp-json\/wp\/v2\/types\/product"}],"version-history":[{"count":0,"href":"https:\/\/singuli.wpress.me\/index.php\/wp-json\/wp\/v2\/product\/32516\/revisions"}],"wp:featuredmedia":[{"embeddable":true,"href":"https:\/\/singuli.wpress.me\/index.php\/wp-json\/wp\/v2\/media\/32518"}],"wp:attachment":[{"href":"https:\/\/singuli.wpress.me\/index.php\/wp-json\/wp\/v2\/media?parent=32516"}],"wp:term":[{"taxonomy":"product_brand","embeddable":true,"href":"https:\/\/singuli.wpress.me\/index.php\/wp-json\/wp\/v2\/product_brand?post=32516"},{"taxonomy":"product_cat","embeddable":true,"href":"https:\/\/singuli.wpress.me\/index.php\/wp-json\/wp\/v2\/product_cat?post=32516"},{"taxonomy":"product_tag","embeddable":true,"href":"https:\/\/singuli.wpress.me\/index.php\/wp-json\/wp\/v2\/product_tag?post=32516"}],"curies":[{"name":"wp","href":"https:\/\/api.w.org\/{rel}","templated":true}]}}