{"id":32521,"date":"2026-04-17T00:43:01","date_gmt":"2026-04-17T00:43:01","guid":{"rendered":"https:\/\/singuli.wpress.me\/index.php\/proizvod\/disney-plisana-igracka-simba-25-cm\/"},"modified":"2026-04-20T12:33:09","modified_gmt":"2026-04-20T12:33:09","slug":"disney-plisana-igracka-simba-25-cm","status":"publish","type":"product","link":"https:\/\/singuli.wpress.me\/index.php\/proizvod\/disney-plisana-igracka-simba-25-cm\/","title":{"rendered":"DISNEY, pli\u0161ana igra\u010dka, Simba, 25\u00a0cm"},"content":{"rendered":"<p>Simba, legendarni junak iz Disneyjevog klasika Kralj lavova, dolazi u obliku predivne pli\u0161ane igra\u010dke!<\/p>\n<p>Ova figura visoka 25 cm izra\u0111ena je od mekanih, visokokvalitetnih materijala koji su idealni za igru i ma\u017eenje. Vjerno prikazuje Simbu u njegovom karakteristi\u010dnom izgledu, donose\u0107i \u010daroliju Afrike i kraljevstva Pride Rock ravno u va\u0161 dom.<\/p>\n","protected":false},"excerpt":{"rendered":"<p>Super mekana igra\u010dka, s vjernim prikazom lika koji odu\u0161evljava detaljima<br \/>\nVeli\u010dina igra\u010dke 25cm<br \/>\nDob: 0+m<\/p>\n","protected":false},"featured_media":32523,"template":"","meta":{"_seopress_robots_primary_cat":"","_seopress_titles_title":"","_seopress_titles_desc":"","_seopress_robots_index":"","iawp_total_views":0},"product_brand":[522],"product_cat":[221,291],"product_tag":[],"class_list":{"0":"post-32521","1":"product","2":"type-product","3":"status-publish","4":"has-post-thumbnail","6":"product_brand-disney","7":"product_cat-igracke","8":"product_cat-igracke-za-djecu-221","10":"first","11":"instock","12":"shipping-taxable","13":"purchasable","14":"product-type-simple"},"_links":{"self":[{"href":"https:\/\/singuli.wpress.me\/index.php\/wp-json\/wp\/v2\/product\/32521","targetHints":{"allow":["GET"]}}],"collection":[{"href":"https:\/\/singuli.wpress.me\/index.php\/wp-json\/wp\/v2\/product"}],"about":[{"href":"https:\/\/singuli.wpress.me\/index.php\/wp-json\/wp\/v2\/types\/product"}],"version-history":[{"count":0,"href":"https:\/\/singuli.wpress.me\/index.php\/wp-json\/wp\/v2\/product\/32521\/revisions"}],"wp:featuredmedia":[{"embeddable":true,"href":"https:\/\/singuli.wpress.me\/index.php\/wp-json\/wp\/v2\/media\/32523"}],"wp:attachment":[{"href":"https:\/\/singuli.wpress.me\/index.php\/wp-json\/wp\/v2\/media?parent=32521"}],"wp:term":[{"taxonomy":"product_brand","embeddable":true,"href":"https:\/\/singuli.wpress.me\/index.php\/wp-json\/wp\/v2\/product_brand?post=32521"},{"taxonomy":"product_cat","embeddable":true,"href":"https:\/\/singuli.wpress.me\/index.php\/wp-json\/wp\/v2\/product_cat?post=32521"},{"taxonomy":"product_tag","embeddable":true,"href":"https:\/\/singuli.wpress.me\/index.php\/wp-json\/wp\/v2\/product_tag?post=32521"}],"curies":[{"name":"wp","href":"https:\/\/api.w.org\/{rel}","templated":true}]}}