{"id":32522,"date":"2026-04-17T00:43:01","date_gmt":"2026-04-17T00:43:01","guid":{"rendered":"https:\/\/singuli.wpress.me\/index.php\/proizvod\/universal-gabbys-dollhouse-mackorena-plisana-igracka-30-cm\/"},"modified":"2026-04-20T12:33:09","modified_gmt":"2026-04-20T12:33:09","slug":"universal-gabbys-dollhouse-mackorena-plisana-igracka-30-cm","status":"publish","type":"product","link":"https:\/\/singuli.wpress.me\/index.php\/proizvod\/universal-gabbys-dollhouse-mackorena-plisana-igracka-30-cm\/","title":{"rendered":"UNIVERSAL Gabby&#8217;s Dollhouse Ma\u010dkorena, pli\u0161ana igra\u010dka, 30 cm"},"content":{"rendered":"<p>\n    Pli\u0161ana igra\u010dka Ma\u010dkorena \u2013 Gabina ku\u0107a lutaka<\/p>\n<p>\n    Pridru\u017eite se ljubiteljici maca Gabi i njezinim prijateljima.<\/p>\n<p>\n    Super mekana i zavodljiva Ma\u010dkorena odu\u0161evit \u0107e svakog mali\u0161ana. Ova pli\u0161ana igra\u010dka iz Gabine ku\u0107e lutaka izvrstan je za zagrljaje i ma\u017eenje i idealan je suputnik za igru.<\/p>\n","protected":false},"excerpt":{"rendered":"<p>Ma\u010dkorena (MerCat) iz serije Gabina ku\u0107a lutaka<br \/>\nSuper mekana i zavodljiva<br \/>\nIzvrstan za zagrljaje i ma\u017eenje<\/p>\n","protected":false},"featured_media":32524,"template":"","meta":{"_seopress_robots_primary_cat":"","_seopress_titles_title":"","_seopress_titles_desc":"","_seopress_robots_index":"","iawp_total_views":0},"product_brand":[528],"product_cat":[221,291],"product_tag":[],"class_list":{"0":"post-32522","1":"product","2":"type-product","3":"status-publish","4":"has-post-thumbnail","6":"product_brand-universal","7":"product_cat-igracke","8":"product_cat-igracke-za-djecu-221","10":"first","11":"instock","12":"shipping-taxable","13":"purchasable","14":"product-type-simple"},"_links":{"self":[{"href":"https:\/\/singuli.wpress.me\/index.php\/wp-json\/wp\/v2\/product\/32522","targetHints":{"allow":["GET"]}}],"collection":[{"href":"https:\/\/singuli.wpress.me\/index.php\/wp-json\/wp\/v2\/product"}],"about":[{"href":"https:\/\/singuli.wpress.me\/index.php\/wp-json\/wp\/v2\/types\/product"}],"version-history":[{"count":0,"href":"https:\/\/singuli.wpress.me\/index.php\/wp-json\/wp\/v2\/product\/32522\/revisions"}],"wp:featuredmedia":[{"embeddable":true,"href":"https:\/\/singuli.wpress.me\/index.php\/wp-json\/wp\/v2\/media\/32524"}],"wp:attachment":[{"href":"https:\/\/singuli.wpress.me\/index.php\/wp-json\/wp\/v2\/media?parent=32522"}],"wp:term":[{"taxonomy":"product_brand","embeddable":true,"href":"https:\/\/singuli.wpress.me\/index.php\/wp-json\/wp\/v2\/product_brand?post=32522"},{"taxonomy":"product_cat","embeddable":true,"href":"https:\/\/singuli.wpress.me\/index.php\/wp-json\/wp\/v2\/product_cat?post=32522"},{"taxonomy":"product_tag","embeddable":true,"href":"https:\/\/singuli.wpress.me\/index.php\/wp-json\/wp\/v2\/product_tag?post=32522"}],"curies":[{"name":"wp","href":"https:\/\/api.w.org\/{rel}","templated":true}]}}