{"id":32536,"date":"2026-04-17T00:43:05","date_gmt":"2026-04-17T00:43:05","guid":{"rendered":"https:\/\/singuli.wpress.me\/index.php\/proizvod\/universal-minions-bob-plisana-igracka-30-cm-2\/"},"modified":"2026-04-17T00:43:05","modified_gmt":"2026-04-17T00:43:05","slug":"universal-minions-bob-plisana-igracka-30-cm-2","status":"publish","type":"product","link":"https:\/\/singuli.wpress.me\/index.php\/proizvod\/universal-minions-bob-plisana-igracka-30-cm-2\/","title":{"rendered":"UNIVERSAL Minions Bob, pli\u0161ana igra\u010dka, 30 cm"},"content":{"rendered":"<p>\n    Pli\u0161ana igra\u010dka Bob (Minions) \u2013 30 cm<\/p>\n<p>\n    Uronite u svijet Minionsa s ovom \u0161armantnom pli\u0161anom igra\u010dkom Boba!<\/p>\n<p>\n    Ovaj pli\u0161anac savr\u0161en je za sve ljubitelje Minionsa, bez obzira na dob. Sa svojom visinom od pribli\u017eno 30 cm, idealan je za igru, ma\u017eenje i kolekcionarstvo.<\/p>\n<p>\n    Savr\u0161en je poklon za sve koji vole Malce!<\/p>\n","protected":false},"excerpt":{"rendered":"<p>Bob iz crti\u0107a Minions (Malci)<br \/>\nVeli\u010dina: Pribli\u017eno 30 cm<br \/>\nSavr\u0161en za sve ljubitelje, bez obzira na dob<\/p>\n","protected":false},"featured_media":32537,"template":"","meta":{"_seopress_robots_primary_cat":"","_seopress_titles_title":"","_seopress_titles_desc":"","_seopress_robots_index":"","iawp_total_views":0},"product_brand":[528],"product_cat":[221,291],"product_tag":[],"class_list":{"0":"post-32536","1":"product","2":"type-product","3":"status-publish","4":"has-post-thumbnail","6":"product_brand-universal","7":"product_cat-igracke","8":"product_cat-igracke-za-djecu-221","10":"first","11":"instock","12":"shipping-taxable","13":"purchasable","14":"product-type-simple"},"_links":{"self":[{"href":"https:\/\/singuli.wpress.me\/index.php\/wp-json\/wp\/v2\/product\/32536","targetHints":{"allow":["GET"]}}],"collection":[{"href":"https:\/\/singuli.wpress.me\/index.php\/wp-json\/wp\/v2\/product"}],"about":[{"href":"https:\/\/singuli.wpress.me\/index.php\/wp-json\/wp\/v2\/types\/product"}],"version-history":[{"count":0,"href":"https:\/\/singuli.wpress.me\/index.php\/wp-json\/wp\/v2\/product\/32536\/revisions"}],"wp:featuredmedia":[{"embeddable":true,"href":"https:\/\/singuli.wpress.me\/index.php\/wp-json\/wp\/v2\/media\/32537"}],"wp:attachment":[{"href":"https:\/\/singuli.wpress.me\/index.php\/wp-json\/wp\/v2\/media?parent=32536"}],"wp:term":[{"taxonomy":"product_brand","embeddable":true,"href":"https:\/\/singuli.wpress.me\/index.php\/wp-json\/wp\/v2\/product_brand?post=32536"},{"taxonomy":"product_cat","embeddable":true,"href":"https:\/\/singuli.wpress.me\/index.php\/wp-json\/wp\/v2\/product_cat?post=32536"},{"taxonomy":"product_tag","embeddable":true,"href":"https:\/\/singuli.wpress.me\/index.php\/wp-json\/wp\/v2\/product_tag?post=32536"}],"curies":[{"name":"wp","href":"https:\/\/api.w.org\/{rel}","templated":true}]}}