{"id":32542,"date":"2026-04-17T00:43:07","date_gmt":"2026-04-17T00:43:07","guid":{"rendered":"https:\/\/singuli.wpress.me\/index.php\/proizvod\/universal-macka-jastucica-plisana-igracka-xl-2\/"},"modified":"2026-04-17T00:43:07","modified_gmt":"2026-04-17T00:43:07","slug":"universal-macka-jastucica-plisana-igracka-xl-2","status":"publish","type":"product","link":"https:\/\/singuli.wpress.me\/index.php\/proizvod\/universal-macka-jastucica-plisana-igracka-xl-2\/","title":{"rendered":"UNIVERSAL Ma\u010dka jastu\u010dica, pli\u0161ana igra\u010dka, XL"},"content":{"rendered":"<p><span style=\"font-weight: bold\">Ma\u010dka jastu\u010dica<\/span> kao pli\u0161ana igra\u010dka! Prekrasna na dodir, mekana i realisti\u010dna ba\u0161 kao lik iz crti\u0107a. Odli\u010dan dodatak za va\u0161u sobu od najkvalitetnijih materijala. \u0160armantna na prvi pogled!<\/p>\n","protected":false},"excerpt":{"rendered":"<p>Sigurna za najmla\u0111e<br \/>\nVeli\u010dine 46 cm<br \/>\nDob: 0+ god<\/p>\n","protected":false},"featured_media":32544,"template":"","meta":{"_seopress_robots_primary_cat":"","_seopress_titles_title":"","_seopress_titles_desc":"","_seopress_robots_index":"","iawp_total_views":0},"product_brand":[528],"product_cat":[221,291],"product_tag":[],"class_list":{"0":"post-32542","1":"product","2":"type-product","3":"status-publish","4":"has-post-thumbnail","6":"product_brand-universal","7":"product_cat-igracke","8":"product_cat-igracke-za-djecu-221","10":"first","11":"instock","12":"shipping-taxable","13":"purchasable","14":"product-type-simple"},"_links":{"self":[{"href":"https:\/\/singuli.wpress.me\/index.php\/wp-json\/wp\/v2\/product\/32542","targetHints":{"allow":["GET"]}}],"collection":[{"href":"https:\/\/singuli.wpress.me\/index.php\/wp-json\/wp\/v2\/product"}],"about":[{"href":"https:\/\/singuli.wpress.me\/index.php\/wp-json\/wp\/v2\/types\/product"}],"version-history":[{"count":0,"href":"https:\/\/singuli.wpress.me\/index.php\/wp-json\/wp\/v2\/product\/32542\/revisions"}],"wp:featuredmedia":[{"embeddable":true,"href":"https:\/\/singuli.wpress.me\/index.php\/wp-json\/wp\/v2\/media\/32544"}],"wp:attachment":[{"href":"https:\/\/singuli.wpress.me\/index.php\/wp-json\/wp\/v2\/media?parent=32542"}],"wp:term":[{"taxonomy":"product_brand","embeddable":true,"href":"https:\/\/singuli.wpress.me\/index.php\/wp-json\/wp\/v2\/product_brand?post=32542"},{"taxonomy":"product_cat","embeddable":true,"href":"https:\/\/singuli.wpress.me\/index.php\/wp-json\/wp\/v2\/product_cat?post=32542"},{"taxonomy":"product_tag","embeddable":true,"href":"https:\/\/singuli.wpress.me\/index.php\/wp-json\/wp\/v2\/product_tag?post=32542"}],"curies":[{"name":"wp","href":"https:\/\/api.w.org\/{rel}","templated":true}]}}