{"id":32549,"date":"2026-04-17T00:43:11","date_gmt":"2026-04-17T00:43:11","guid":{"rendered":"https:\/\/singuli.wpress.me\/index.php\/proizvod\/lavazza-a-modo-mio-qualita-oro-kapsule-16-kom\/"},"modified":"2026-04-21T00:26:38","modified_gmt":"2026-04-21T00:26:38","slug":"lavazza-a-modo-mio-qualita-oro-kapsule-16-kom","status":"publish","type":"product","link":"https:\/\/singuli.wpress.me\/index.php\/proizvod\/lavazza-a-modo-mio-qualita-oro-kapsule-16-kom\/","title":{"rendered":"LAVAZZA A Modo Mio Qualita Oro, kapsule, 16\u00a0kom"},"content":{"rendered":"<p>Qualit\u00e0 Oro: Zlatni standard arome i okusa<\/p>\n<p>Qualit\u00e0 Oro predstavlja vrhunac umjetnosti mije\u0161anja kave. Nastala od 100% biranih zrna Arabice iz Srednje i Ju\u017ene Amerike, ova mje\u0161avina donosi intenzivnu i mirisnu aromu koja je istovremeno slatka i profinjena. Svaki gutljaj pru\u017ea bogat okus koji dugo traje, ostavljaju\u0107i nezaboravan dojam. S razlogom nosi naziv &quot;zlatni standard&quot; \u2013 za sve one koji cijene najvi\u0161u kvalitetu u svakoj \u0161alici.<\/p>\n","protected":false},"excerpt":{"rendered":"<p>Mje\u0161avina isklju\u010divo od birane Arabice za profinjen i blag okus<br \/>\nMirisna i profinjena aroma s notama slatko\u0107e i vo\u0107a<br \/>\nBogat okus koji se zadr\u017eava dugo nakon ispijanja<\/p>\n","protected":false},"featured_media":32551,"template":"","meta":{"_seopress_robots_primary_cat":"","_seopress_titles_title":"","_seopress_titles_desc":"","_seopress_robots_index":"","iawp_total_views":0},"product_brand":[393],"product_cat":[211,289],"product_tag":[],"class_list":{"0":"post-32549","1":"product","2":"type-product","3":"status-publish","4":"has-post-thumbnail","6":"product_brand-lavazza","7":"product_cat-njega-majke-i-djeteta","8":"product_cat-trudnoca-i-vitamini-211","10":"first","11":"instock","12":"shipping-taxable","13":"purchasable","14":"product-type-simple"},"_links":{"self":[{"href":"https:\/\/singuli.wpress.me\/index.php\/wp-json\/wp\/v2\/product\/32549","targetHints":{"allow":["GET"]}}],"collection":[{"href":"https:\/\/singuli.wpress.me\/index.php\/wp-json\/wp\/v2\/product"}],"about":[{"href":"https:\/\/singuli.wpress.me\/index.php\/wp-json\/wp\/v2\/types\/product"}],"version-history":[{"count":0,"href":"https:\/\/singuli.wpress.me\/index.php\/wp-json\/wp\/v2\/product\/32549\/revisions"}],"wp:featuredmedia":[{"embeddable":true,"href":"https:\/\/singuli.wpress.me\/index.php\/wp-json\/wp\/v2\/media\/32551"}],"wp:attachment":[{"href":"https:\/\/singuli.wpress.me\/index.php\/wp-json\/wp\/v2\/media?parent=32549"}],"wp:term":[{"taxonomy":"product_brand","embeddable":true,"href":"https:\/\/singuli.wpress.me\/index.php\/wp-json\/wp\/v2\/product_brand?post=32549"},{"taxonomy":"product_cat","embeddable":true,"href":"https:\/\/singuli.wpress.me\/index.php\/wp-json\/wp\/v2\/product_cat?post=32549"},{"taxonomy":"product_tag","embeddable":true,"href":"https:\/\/singuli.wpress.me\/index.php\/wp-json\/wp\/v2\/product_tag?post=32549"}],"curies":[{"name":"wp","href":"https:\/\/api.w.org\/{rel}","templated":true}]}}