{"id":32550,"date":"2026-04-17T00:43:11","date_gmt":"2026-04-17T00:43:11","guid":{"rendered":"https:\/\/singuli.wpress.me\/index.php\/proizvod\/lavazza-a-modo-mio-lungo-dolce-kapsule-16-kom\/"},"modified":"2026-04-20T12:33:09","modified_gmt":"2026-04-20T12:33:09","slug":"lavazza-a-modo-mio-lungo-dolce-kapsule-16-kom","status":"publish","type":"product","link":"https:\/\/singuli.wpress.me\/index.php\/proizvod\/lavazza-a-modo-mio-lungo-dolce-kapsule-16-kom\/","title":{"rendered":"LAVAZZA A Modo Mio Lungo Dolce, kapsule, 16\u00a0kom"},"content":{"rendered":"<p>Lungo Dolce: Profinjen i blag okus za dugu, opu\u0161taju\u0107u kavu<\/p>\n<p>U\u017eivajte u savr\u0161enoj kavi stvorenoj za duge, opu\u0161taju\u0107e trenutke. Lungo Dolce kapsule donose mje\u0161avinu slatke Arabice iz Azije te Srednje i Ju\u017ene Amerike. Ova nje\u017ena kava profinjenog i blagog okusa, oboga\u0107ena vo\u0107nim notama, idealna je za pripremu lungo napitka. U\u017eivajte u omiljenom ritualu i stvorite miran kutak za sebe, uz veliku \u0161alicu kave koja savr\u0161eno pristaje svakom trenutku.<\/p>\n","protected":false},"excerpt":{"rendered":"<p>Posebno osmi\u0161ljena za pripremu duge kave u velikoj \u0161alici<br \/>\nNje\u017ena kava profinjenog karaktera, bez gor\u010dine i prevelikog intenziteta<br \/>\nOkus je oboga\u0107en slatkim i osvje\u017eavaju\u0107im vo\u0107nim tonovima<\/p>\n","protected":false},"featured_media":32552,"template":"","meta":{"_seopress_robots_primary_cat":"","_seopress_titles_title":"","_seopress_titles_desc":"","_seopress_robots_index":"","iawp_total_views":0},"product_brand":[393],"product_cat":[211,289],"product_tag":[],"class_list":{"0":"post-32550","1":"product","2":"type-product","3":"status-publish","4":"has-post-thumbnail","6":"product_brand-lavazza","7":"product_cat-njega-majke-i-djeteta","8":"product_cat-trudnoca-i-vitamini-211","10":"first","11":"instock","12":"shipping-taxable","13":"purchasable","14":"product-type-simple"},"_links":{"self":[{"href":"https:\/\/singuli.wpress.me\/index.php\/wp-json\/wp\/v2\/product\/32550","targetHints":{"allow":["GET"]}}],"collection":[{"href":"https:\/\/singuli.wpress.me\/index.php\/wp-json\/wp\/v2\/product"}],"about":[{"href":"https:\/\/singuli.wpress.me\/index.php\/wp-json\/wp\/v2\/types\/product"}],"version-history":[{"count":0,"href":"https:\/\/singuli.wpress.me\/index.php\/wp-json\/wp\/v2\/product\/32550\/revisions"}],"wp:featuredmedia":[{"embeddable":true,"href":"https:\/\/singuli.wpress.me\/index.php\/wp-json\/wp\/v2\/media\/32552"}],"wp:attachment":[{"href":"https:\/\/singuli.wpress.me\/index.php\/wp-json\/wp\/v2\/media?parent=32550"}],"wp:term":[{"taxonomy":"product_brand","embeddable":true,"href":"https:\/\/singuli.wpress.me\/index.php\/wp-json\/wp\/v2\/product_brand?post=32550"},{"taxonomy":"product_cat","embeddable":true,"href":"https:\/\/singuli.wpress.me\/index.php\/wp-json\/wp\/v2\/product_cat?post=32550"},{"taxonomy":"product_tag","embeddable":true,"href":"https:\/\/singuli.wpress.me\/index.php\/wp-json\/wp\/v2\/product_tag?post=32550"}],"curies":[{"name":"wp","href":"https:\/\/api.w.org\/{rel}","templated":true}]}}