{"id":32555,"date":"2026-04-17T00:43:13","date_gmt":"2026-04-17T00:43:13","guid":{"rendered":"https:\/\/singuli.wpress.me\/index.php\/proizvod\/lavazza-a-modo-mio-crema-e-gusto-kapsule-36-kom\/"},"modified":"2026-04-20T12:33:09","modified_gmt":"2026-04-20T12:33:09","slug":"lavazza-a-modo-mio-crema-e-gusto-kapsule-36-kom","status":"publish","type":"product","link":"https:\/\/singuli.wpress.me\/index.php\/proizvod\/lavazza-a-modo-mio-crema-e-gusto-kapsule-36-kom\/","title":{"rendered":"LAVAZZA A Modo Mio Crema E Gusto, kapsule, 36\u00a0kom"},"content":{"rendered":"<p>Crema e Gusto: Bogata aroma i neodoljiv okus<\/p>\n<p>Otkrijte Crema e Gusto kapsule, savr\u0161enu mje\u0161avinu brazilske Arabice te afri\u010dke i azijske Robuste koja stvara espresso punog okusa i bogate arome. Svaka \u0161alica donosi neodoljiv do\u017eivljaj, oboga\u0107en slatkim i \u010dokoladnim notama koje se nje\u017eno isprepli\u0107u s blagim za\u010dinskim tonovima. Crema e Gusto je apsolutno neodoljiv, savr\u0161en za sve koji tra\u017ee bogatstvo okusa u svakom trenutku.<\/p>\n","protected":false},"excerpt":{"rendered":"<p>Savr\u0161en spoj brazilske Arabice te afri\u010dke i azijske Robuste za puni okus<br \/>\nKava oboga\u0107ena slatkim i \u010dokoladnim notama s blagim za\u010dinskim tonovima<br \/>\nApsolutno neodoljiv okus s bogatom i punom aromom<\/p>\n","protected":false},"featured_media":32557,"template":"","meta":{"_seopress_robots_primary_cat":"","_seopress_titles_title":"","_seopress_titles_desc":"","_seopress_robots_index":"","iawp_total_views":0},"product_brand":[393],"product_cat":[211,289],"product_tag":[],"class_list":{"0":"post-32555","1":"product","2":"type-product","3":"status-publish","4":"has-post-thumbnail","6":"product_brand-lavazza","7":"product_cat-njega-majke-i-djeteta","8":"product_cat-trudnoca-i-vitamini-211","10":"first","11":"instock","12":"shipping-taxable","13":"purchasable","14":"product-type-simple"},"_links":{"self":[{"href":"https:\/\/singuli.wpress.me\/index.php\/wp-json\/wp\/v2\/product\/32555","targetHints":{"allow":["GET"]}}],"collection":[{"href":"https:\/\/singuli.wpress.me\/index.php\/wp-json\/wp\/v2\/product"}],"about":[{"href":"https:\/\/singuli.wpress.me\/index.php\/wp-json\/wp\/v2\/types\/product"}],"version-history":[{"count":0,"href":"https:\/\/singuli.wpress.me\/index.php\/wp-json\/wp\/v2\/product\/32555\/revisions"}],"wp:featuredmedia":[{"embeddable":true,"href":"https:\/\/singuli.wpress.me\/index.php\/wp-json\/wp\/v2\/media\/32557"}],"wp:attachment":[{"href":"https:\/\/singuli.wpress.me\/index.php\/wp-json\/wp\/v2\/media?parent=32555"}],"wp:term":[{"taxonomy":"product_brand","embeddable":true,"href":"https:\/\/singuli.wpress.me\/index.php\/wp-json\/wp\/v2\/product_brand?post=32555"},{"taxonomy":"product_cat","embeddable":true,"href":"https:\/\/singuli.wpress.me\/index.php\/wp-json\/wp\/v2\/product_cat?post=32555"},{"taxonomy":"product_tag","embeddable":true,"href":"https:\/\/singuli.wpress.me\/index.php\/wp-json\/wp\/v2\/product_tag?post=32555"}],"curies":[{"name":"wp","href":"https:\/\/api.w.org\/{rel}","templated":true}]}}